{"id":6069,"date":"2024-04-20T13:50:24","date_gmt":"2024-04-20T13:50:24","guid":{"rendered":"https:\/\/www.chevaliermachine.com\/product\/mc4002\/"},"modified":"2024-04-20T13:51:19","modified_gmt":"2024-04-20T13:51:19","slug":"mc4002","status":"publish","type":"product","link":"https:\/\/www.pagsos.com\/zh\/product\/mc4002\/","title":{"rendered":"MC4002"},"content":{"rendered":"<div>\n<p><img decoding=\"async\" src=\"https:\/\/cdn.myxypt.com\/9d3f902a\/23\/04\/93afd7f8b995c1c90f1480f6a625e06fc3864555.jpg\"\/><\/p>\n<p><\/p>\n<p style=\"font-size:18px; font-weight:bold; margin-bottom:10px;\">\u8be6\u7ec6\u53c2\u6570<\/p>\n<table width=\"100%\" border=\"1\" bordercolor=\"#e5e5e5\" cellspacing=\"0\" cellpadding=\"0\" style=\"border-collapse: collapse;\">\n<tbody>\n<tr class=\"firstRow\">\n<td width=\"65%\" style=\"background-color:#383838; color:#fff; padding:8px 10px;\">\u6a21\u578b<\/td>\n<td width=\"35%\" style=\"background-color:#383838; color:#fff; padding:8px 10px; text-align:center;\">MC4002<\/td>\n<\/tr>\n<tr>\n<td style=\"padding:8px 10px;\">\u7535\u673a\u529f\u7387<\/td>\n<td style=\"padding:8px 10px; text-align:center;\">3000W<\/td>\n<\/tr>\n<tr>\n<td style=\"padding:8px 10px;\">\u7535\u538b<\/td>\n<td style=\"padding:8px 10px; text-align:center;\">400 \u4f0f 50 \u8d6b\u5179<\/td>\n<\/tr>\n<tr>\n<td style=\"padding:8px 10px;\">\u5207\u5272\u80fd\u529b<\/td>\n<td style=\"padding:8px 10px; text-align:center;\">\u25cf35 \u25ce140 L120\u00d710mm<\/td>\n<\/tr>\n<tr>\n<td style=\"padding:8px 10px;\">\u65cb\u8f6c\u901f\u5ea6<\/td>\n<td style=\"padding:8px 10px; text-align:center;\">3000 \u8f6c\/\u5206<\/td>\n<\/tr>\n<tr>\n<td style=\"padding:8px 10px;\">\u76f4\u5f84<\/td>\n<td style=\"padding:8px 10px; text-align:center;\">16\u2033\u03a6400\u00d7\u03a632\/25.4\u00d73.2mm<\/td>\n<\/tr>\n<tr>\n<td style=\"padding:8px 10px;\">\u5e95\u5ea7\u5c3a\u5bf8<\/td>\n<td style=\"padding:8px 10px; text-align:center;\">585\u00d7335 \u6beb\u7c73<\/td>\n<\/tr>\n<tr>\n<td style=\"padding:8px 10px;\">\u91cd\u91cf<\/td>\n<td style=\"padding:8px 10px; text-align:center;\">58 \u5343\u514b<\/td>\n<\/tr>\n<tr>\n<td style=\"padding:8px 10px;\">\u5305\u88c5\u5c3a\u5bf8<\/td>\n<td style=\"padding:8px 10px; text-align:center;\">710\u00d7610\u00d7450 \u6beb\u7c73<\/td>\n<\/tr>\n<tr>\n<td style=\"padding:8px 10px;\">20 \u82f1\u5c3a\u7684\u6570\u91cf<\/td>\n<td style=\"padding:8px 10px; text-align:center;\">144 \u4ef6<\/td>\n<\/tr>\n<\/tbody>\n<\/table>","protected":false},"excerpt":{"rendered":"<p>Detailed Parameters Model MC4002 Motor Power 3000W Voltage 400V 50Hz Cutting Capacity \u25cf35 \u25ce140&nbsp;&nbsp;L120\u00d710mm Spinle Speed 3000rpm Diameter 16\u2033\u03a6400\u00d7\u03a632\/25.4\u00d73.2mm Base Size 585\u00d7335mm Weight 58Kg Packing Size 710\u00d7610\u00d7450mm Quantity For 20ft 144PCS<\/p>","protected":false},"featured_media":6070,"comment_status":"closed","ping_status":"open","template":"","meta":[],"product_brand":[],"product_cat":[250],"product_tag":[],"class_list":{"0":"post-6069","1":"product","2":"type-product","3":"status-publish","4":"has-post-thumbnail","6":"product_cat-mc-cut-off-machine-series","8":"first","9":"instock","10":"product-type-simple"},"jetpack_sharing_enabled":true,"_links":{"self":[{"href":"https:\/\/www.pagsos.com\/zh\/wp-json\/wp\/v2\/product\/6069","targetHints":{"allow":["GET"]}}],"collection":[{"href":"https:\/\/www.pagsos.com\/zh\/wp-json\/wp\/v2\/product"}],"about":[{"href":"https:\/\/www.pagsos.com\/zh\/wp-json\/wp\/v2\/types\/product"}],"replies":[{"embeddable":true,"href":"https:\/\/www.pagsos.com\/zh\/wp-json\/wp\/v2\/comments?post=6069"}],"wp:featuredmedia":[{"embeddable":true,"href":"https:\/\/www.pagsos.com\/zh\/wp-json\/wp\/v2\/media\/6070"}],"wp:attachment":[{"href":"https:\/\/www.pagsos.com\/zh\/wp-json\/wp\/v2\/media?parent=6069"}],"wp:term":[{"taxonomy":"product_brand","embeddable":true,"href":"https:\/\/www.pagsos.com\/zh\/wp-json\/wp\/v2\/product_brand?post=6069"},{"taxonomy":"product_cat","embeddable":true,"href":"https:\/\/www.pagsos.com\/zh\/wp-json\/wp\/v2\/product_cat?post=6069"},{"taxonomy":"product_tag","embeddable":true,"href":"https:\/\/www.pagsos.com\/zh\/wp-json\/wp\/v2\/product_tag?post=6069"}],"curies":[{"name":"wp","href":"https:\/\/api.w.org\/{rel}","templated":true}]}}