{"id":6067,"date":"2024-04-20T13:50:24","date_gmt":"2024-04-20T13:50:24","guid":{"rendered":"https:\/\/www.chevaliermachine.com\/product\/mc4001\/"},"modified":"2024-04-20T13:51:18","modified_gmt":"2024-04-20T13:51:18","slug":"mc4001","status":"publish","type":"product","link":"https:\/\/www.pagsos.com\/ja\/product\/mc4001\/","title":{"rendered":"MC4001"},"content":{"rendered":"<div>\n<p><img decoding=\"async\" src=\"https:\/\/cdn.myxypt.com\/9d3f902a\/23\/04\/93afd7f8b995c1c90f1480f6a625e06fc3864555.jpg\"\/><\/p>\n<p><\/p>\n<p style=\"font-size:18px; font-weight:bold; margin-bottom:10px;\">\u8a73\u7d30\u30d1\u30e9\u30e1\u30fc\u30bf<\/p>\n<table width=\"100%\" border=\"1\" bordercolor=\"#e5e5e5\" cellspacing=\"0\" cellpadding=\"0\" style=\"border-collapse: collapse;\">\n<tbody>\n<tr class=\"firstRow\">\n<td width=\"65%\" style=\"background-color:#383838; color:#fff; padding:8px 10px;\">\u30e2\u30c7\u30eb<\/td>\n<td width=\"35%\" style=\"background-color:#383838; color:#fff; padding:8px 10px; text-align:center;\">MC4001<\/td>\n<\/tr>\n<tr>\n<td style=\"padding:8px 10px;\">\u30e2\u30fc\u30bf\u30fc\u30fb\u30d1\u30ef\u30fc<\/td>\n<td style=\"padding:8px 10px; text-align:center;\">2200W<\/td>\n<\/tr>\n<tr>\n<td style=\"padding:8px 10px;\">\u96fb\u5727<\/td>\n<td style=\"padding:8px 10px; text-align:center;\">230V\/400V 50Hz<\/td>\n<\/tr>\n<tr>\n<td style=\"padding:8px 10px;\">\u5207\u65ad\u80fd\u529b<\/td>\n<td style=\"padding:8px 10px; text-align:center;\">30 \u25ce135 L110\u00d710mm<\/td>\n<\/tr>\n<tr>\n<td style=\"padding:8px 10px;\">\u4e3b\u8ef8\u56de\u8ee2\u6570<\/td>\n<td style=\"padding:8px 10px; text-align:center;\">3000rpm<\/td>\n<\/tr>\n<tr>\n<td style=\"padding:8px 10px;\">\u76f4\u5f84<\/td>\n<td style=\"padding:8px 10px; text-align:center;\">16\u2033\u03a6400\u00d7\u03a632\/25.4\u00d73.2mm<\/td>\n<\/tr>\n<tr>\n<td style=\"padding:8px 10px;\">\u30d9\u30fc\u30b9\u30b5\u30a4\u30ba<\/td>\n<td style=\"padding:8px 10px; text-align:center;\">520\u00d7306mm<\/td>\n<\/tr>\n<tr>\n<td style=\"padding:8px 10px;\">\u91cd\u91cf<\/td>\n<td style=\"padding:8px 10px; text-align:center;\">50Kg<\/td>\n<\/tr>\n<tr>\n<td style=\"padding:8px 10px;\">\u30ad\u30f3\u30b0\u30b5\u30a4\u30ba<\/td>\n<td style=\"padding:8px 10px; text-align:center;\">710\u00d7610\u00d7450mm<\/td>\n<\/tr>\n<tr>\n<td style=\"padding:8px 10px;\">\u6570\u91cf 20\u30d5\u30a3\u30fc\u30c8\u7528<\/td>\n<td style=\"padding:8px 10px; text-align:center;\">144PCS<\/td>\n<\/tr>\n<\/tbody>\n<\/table>","protected":false},"excerpt":{"rendered":"<p>Detailed Parameters Model MC4001 Motor Power 2200W Voltage 230V\/400V 50Hz Cutting Capacity \u25cf30 \u25ce135&nbsp; L110\u00d710mm Spindle Speed 3000rpm Diameter 16\u2033\u03a6400\u00d7\u03a632\/25.4\u00d73.2mm Base Size 520\u00d7306mm Weight 50Kg king Size 710\u00d7610\u00d7450mm Quantity For 20ft 144PCS<\/p>","protected":false},"featured_media":6068,"comment_status":"closed","ping_status":"open","template":"","meta":[],"product_brand":[],"product_cat":[250],"product_tag":[],"class_list":{"0":"post-6067","1":"product","2":"type-product","3":"status-publish","4":"has-post-thumbnail","6":"product_cat-mc-cut-off-machine-series","8":"first","9":"instock","10":"product-type-simple"},"jetpack_sharing_enabled":true,"_links":{"self":[{"href":"https:\/\/www.pagsos.com\/ja\/wp-json\/wp\/v2\/product\/6067","targetHints":{"allow":["GET"]}}],"collection":[{"href":"https:\/\/www.pagsos.com\/ja\/wp-json\/wp\/v2\/product"}],"about":[{"href":"https:\/\/www.pagsos.com\/ja\/wp-json\/wp\/v2\/types\/product"}],"replies":[{"embeddable":true,"href":"https:\/\/www.pagsos.com\/ja\/wp-json\/wp\/v2\/comments?post=6067"}],"wp:featuredmedia":[{"embeddable":true,"href":"https:\/\/www.pagsos.com\/ja\/wp-json\/wp\/v2\/media\/6068"}],"wp:attachment":[{"href":"https:\/\/www.pagsos.com\/ja\/wp-json\/wp\/v2\/media?parent=6067"}],"wp:term":[{"taxonomy":"product_brand","embeddable":true,"href":"https:\/\/www.pagsos.com\/ja\/wp-json\/wp\/v2\/product_brand?post=6067"},{"taxonomy":"product_cat","embeddable":true,"href":"https:\/\/www.pagsos.com\/ja\/wp-json\/wp\/v2\/product_cat?post=6067"},{"taxonomy":"product_tag","embeddable":true,"href":"https:\/\/www.pagsos.com\/ja\/wp-json\/wp\/v2\/product_tag?post=6067"}],"curies":[{"name":"wp","href":"https:\/\/api.w.org\/{rel}","templated":true}]}}