{"id":6127,"date":"2024-04-20T13:52:04","date_gmt":"2024-04-20T13:52:04","guid":{"rendered":"https:\/\/www.chevaliermachine.com\/product\/zx7032\/"},"modified":"2024-04-20T13:52:12","modified_gmt":"2024-04-20T13:52:12","slug":"zx7032","status":"publish","type":"product","link":"https:\/\/www.pagsos.com\/fr\/produit\/zx7032\/","title":{"rendered":"ZX7032"},"content":{"rendered":"<div>\n<p style=\"font-size:18px; font-weight:bold; margin-bottom:10px;\">Param\u00e8tres d\u00e9taill\u00e9s<\/p>\n<table width=\"100%\" border=\"1\" bordercolor=\"#e5e5e5\" cellspacing=\"0\" cellpadding=\"0\" style=\"border-collapse: collapse;\">\n<tbody>\n<tr class=\"firstRow\">\n<td width=\"65%\" style=\"background-color:#383838; color:#fff; padding:8px 10px;\">Mod\u00e8le<\/td>\n<td width=\"35%\" style=\"background-color:#383838; color:#fff; padding:8px 10px; text-align:center;\">ZX7032<\/td>\n<\/tr>\n<tr>\n<td style=\"padding:8px 10px;\">Capacit\u00e9 de forage maximale<\/td>\n<td style=\"padding:8px 10px; text-align:center;\">32 mm<\/td>\n<\/tr>\n<tr>\n<td style=\"padding:8px 10px;\">Largeur du surfa\u00e7age<\/td>\n<td style=\"padding:8px 10px; text-align:center;\">80mm<\/td>\n<\/tr>\n<tr>\n<td style=\"padding:8px 10px;\">Diam\u00e8tre de fraisage vertical<\/td>\n<td style=\"padding:8px 10px; text-align:center;\">22 mm<\/td>\n<\/tr>\n<tr>\n<td style=\"padding:8px 10px;\">Course de la broche<\/td>\n<td style=\"padding:8px 10px; text-align:center;\">130 mm<\/td>\n<\/tr>\n<tr>\n<td style=\"padding:8px 10px;\">Distance entre l'axe de la broche et la surface de la colonne<\/td>\n<td style=\"padding:8px 10px; text-align:center;\">202mm<\/td>\n<\/tr>\n<tr>\n<td style=\"padding:8px 10px;\">Distance maximale entre le nez de la broche et la table de travail<\/td>\n<td style=\"padding:8px 10px; text-align:center;\">450mm<\/td>\n<\/tr>\n<tr>\n<td style=\"padding:8px 10px;\">C\u00f4ne de broche<\/td>\n<td style=\"padding:8px 10px; text-align:center;\">MT.3 ou R8<\/td>\n<\/tr>\n<tr>\n<td style=\"padding:8px 10px;\">Plage de vitesse de la broche<\/td>\n<td style=\"padding:8px 10px; text-align:center;\">100~2150RPM<\/td>\n<\/tr>\n<tr>\n<td style=\"padding:8px 10px;\">Vitesses de broche<\/td>\n<td style=\"padding:8px 10px; text-align:center;\">12<\/td>\n<\/tr>\n<tr>\n<td style=\"padding:8px 10px;\">Taille du tableau<\/td>\n<td style=\"padding:8px 10px; text-align:center;\">730\u00d7210mm<\/td>\n<\/tr>\n<tr>\n<td style=\"padding:8px 10px;\">D\u00e9placement de la table de travail<\/td>\n<td style=\"padding:8px 10px; text-align:center;\">500\u00d7175mm<\/td>\n<\/tr>\n<tr>\n<td style=\"padding:8px 10px;\">Hauteur totale<\/td>\n<td style=\"padding:8px 10px; text-align:center;\">1100mm<\/td>\n<\/tr>\n<tr>\n<td style=\"padding:8px 10px;\">Course de la t\u00eate<\/td>\n<td style=\"padding:8px 10px; text-align:center;\">315 mm<\/td>\n<\/tr>\n<tr>\n<td style=\"padding:8px 10px;\">Moteur<\/td>\n<td style=\"padding:8px 10px; text-align:center;\">1500W<\/td>\n<\/tr>\n<tr>\n<td style=\"padding:8px 10px;\">G.W.\/N.W.<\/td>\n<td style=\"padding:8px 10px; text-align:center;\">330\/285KG<\/td>\n<\/tr>\n<tr>\n<td style=\"padding:8px 10px;\">Taille de l'emballage<\/td>\n<td style=\"padding:8px 10px; text-align:center;\">845\u00d7745\u00d71150mm<\/td>\n<\/tr>\n<tr>\n<td style=\"padding:8px 10px;\">Quantit\u00e9 pour 20GP<\/td>\n<td style=\"padding:8px 10px; text-align:center;\">36PCS<\/td>\n<\/tr>\n<\/tbody>\n<\/table>","protected":false},"excerpt":{"rendered":"<p>Detailed Parameters Model ZX7032 Max.drilling capacity 32mm Width of face milling 80mm Diameter of vertical milling 22mm Spindle travel 130mm Distance spindle axis to column surface 202mm Max. distance spindle nose to worktable 450mm Spindle taper MT.3 or R8 Spindle &hellip; <a href=\"https:\/\/www.pagsos.com\/fr\/produit\/zx7032\/\">En savoir plus<\/a><\/p>","protected":false},"featured_media":6128,"comment_status":"closed","ping_status":"open","template":"","meta":[],"product_brand":[],"product_cat":[246],"product_tag":[],"class_list":{"0":"post-6127","1":"product","2":"type-product","3":"status-publish","4":"has-post-thumbnail","6":"product_cat-zx-drilling-milling-series","8":"first","9":"instock","10":"product-type-simple"},"jetpack_sharing_enabled":true,"_links":{"self":[{"href":"https:\/\/www.pagsos.com\/fr\/wp-json\/wp\/v2\/product\/6127","targetHints":{"allow":["GET"]}}],"collection":[{"href":"https:\/\/www.pagsos.com\/fr\/wp-json\/wp\/v2\/product"}],"about":[{"href":"https:\/\/www.pagsos.com\/fr\/wp-json\/wp\/v2\/types\/product"}],"replies":[{"embeddable":true,"href":"https:\/\/www.pagsos.com\/fr\/wp-json\/wp\/v2\/comments?post=6127"}],"wp:featuredmedia":[{"embeddable":true,"href":"https:\/\/www.pagsos.com\/fr\/wp-json\/wp\/v2\/media\/6128"}],"wp:attachment":[{"href":"https:\/\/www.pagsos.com\/fr\/wp-json\/wp\/v2\/media?parent=6127"}],"wp:term":[{"taxonomy":"product_brand","embeddable":true,"href":"https:\/\/www.pagsos.com\/fr\/wp-json\/wp\/v2\/product_brand?post=6127"},{"taxonomy":"product_cat","embeddable":true,"href":"https:\/\/www.pagsos.com\/fr\/wp-json\/wp\/v2\/product_cat?post=6127"},{"taxonomy":"product_tag","embeddable":true,"href":"https:\/\/www.pagsos.com\/fr\/wp-json\/wp\/v2\/product_tag?post=6127"}],"curies":[{"name":"wp","href":"https:\/\/api.w.org\/{rel}","templated":true}]}}