{"id":6117,"date":"2024-04-20T13:52:04","date_gmt":"2024-04-20T13:52:04","guid":{"rendered":"https:\/\/www.chevaliermachine.com\/product\/zs4120b-zs4125b\/"},"modified":"2024-04-20T13:52:04","modified_gmt":"2024-04-20T13:52:04","slug":"zs4120b-zs4125b","status":"publish","type":"product","link":"https:\/\/www.pagsos.com\/fr\/produit\/zs4120b-zs4125b\/","title":{"rendered":"ZS4120B\/ZS4125B"},"content":{"rendered":"<div>\n<p style=\"font-size:18px; font-weight:bold; margin-bottom:10px;\">Param\u00e8tres d\u00e9taill\u00e9s<\/p>\n<table width=\"100%\" border=\"1\" bordercolor=\"#e5e5e5\" cellspacing=\"0\" cellpadding=\"0\" style=\"border-collapse: collapse;\">\n<tbody>\n<tr class=\"firstRow\">\n<td width=\"50%\" style=\"background-color:#383838; color:#fff; padding:8px 10px;\">Mod\u00e8le<\/td>\n<td width=\"25%\" style=\"background-color:#383838; color:#fff; padding:8px 10px; text-align:center;\">ZS4120B<\/td>\n<td width=\"25%\" style=\"background-color:#383838; color:#fff; padding:8px 10px; text-align:center;\">ZS4125B<\/td>\n<\/tr>\n<tr>\n<td style=\"padding:8px 10px;\">Capacit\u00e9 max. Capacit\u00e9 de forage<\/td>\n<td style=\"padding:8px 10px; text-align:center;\">16mm\/M14<\/td>\n<td style=\"padding:8px 10px; text-align:center;\">20mm\/M16<\/td>\n<\/tr>\n<tr>\n<td style=\"padding:8px 10px;\">Diam\u00e8tre de la colonne<\/td>\n<td style=\"padding:8px 10px; text-align:center;\">85 mm<\/td>\n<td style=\"padding:8px 10px; text-align:center;\">85 mm<\/td>\n<\/tr>\n<tr>\n<td style=\"padding:8px 10px;\">Course de la broche<\/td>\n<td style=\"padding:8px 10px; text-align:center;\">125 mm<\/td>\n<td style=\"padding:8px 10px; text-align:center;\">125 mm<\/td>\n<\/tr>\n<tr>\n<td style=\"padding:8px 10px;\">Distance entre l'axe de la broche et la surface de la colonne<\/td>\n<td style=\"padding:8px 10px; text-align:center;\">240mm<\/td>\n<td style=\"padding:8px 10px; text-align:center;\">240mm<\/td>\n<\/tr>\n<tr>\n<td style=\"padding:8px 10px;\">Distance max. Distance entre le nez de la broche et la table<\/td>\n<td style=\"padding:8px 10px; text-align:center;\">350 mm<\/td>\n<td style=\"padding:8px 10px; text-align:center;\">350 mm<\/td>\n<\/tr>\n<tr>\n<td style=\"padding:8px 10px;\">Distance max. Distance entre le nez de la broche et la base<\/td>\n<td style=\"padding:8px 10px; text-align:center;\">610 mm<\/td>\n<td style=\"padding:8px 10px; text-align:center;\">610 mm<\/td>\n<\/tr>\n<tr>\n<td style=\"padding:8px 10px;\">C\u00f4ne de la broche<\/td>\n<td style=\"padding:8px 10px; text-align:center;\">MT.2<\/td>\n<td style=\"padding:8px 10px; text-align:center;\">MT.3<\/td>\n<\/tr>\n<tr>\n<td style=\"padding:8px 10px;\">Gamme de vitesses de broche<\/td>\n<td style=\"padding:8px 10px; text-align:center;\">290\uff5e2150r\/min<\/td>\n<td style=\"padding:8px 10px; text-align:center;\">290\uff5e2150r\/min<\/td>\n<\/tr>\n<tr>\n<td style=\"padding:8px 10px;\">Vitesses de broche<\/td>\n<td style=\"padding:8px 10px; text-align:center;\">5<\/td>\n<td style=\"padding:8px 10px; text-align:center;\">5<\/td>\n<\/tr>\n<tr>\n<td style=\"padding:8px 10px;\">Surface de travail de la table<\/td>\n<td style=\"padding:8px 10px; text-align:center;\">300\u00d7280mm<\/td>\n<td style=\"padding:8px 10px; text-align:center;\">300\u00d7280mm<\/td>\n<\/tr>\n<tr>\n<td style=\"padding:8px 10px;\">Taille de la base<\/td>\n<td style=\"padding:8px 10px; text-align:center;\">600\u00d7395mm<\/td>\n<td style=\"padding:8px 10px; text-align:center;\">600\u00d7395mm<\/td>\n<\/tr>\n<tr>\n<td style=\"padding:8px 10px;\">Hauteur totale<\/td>\n<td style=\"padding:8px 10px; text-align:center;\">1140mm<\/td>\n<td style=\"padding:8px 10px; text-align:center;\">1140mm<\/td>\n<\/tr>\n<tr>\n<td style=\"padding:8px 10px;\">Moteur<\/td>\n<td style=\"padding:8px 10px; text-align:center;\">750W-6P<\/td>\n<td style=\"padding:8px 10px; text-align:center;\">1100W-6P<\/td>\n<\/tr>\n<tr>\n<td style=\"padding:8px 10px;\">G.W\/N.W.<\/td>\n<td style=\"padding:8px 10px; text-align:center;\">160\/135kg<\/td>\n<td style=\"padding:8px 10px; text-align:center;\">165\/140kg<\/td>\n<\/tr>\n<tr>\n<td style=\"padding:8px 10px;\">Taille de l'emballage<\/td>\n<td style=\"padding:8px 10px; text-align:center;\">840\u00d7405\u00d71100mm<\/td>\n<td style=\"padding:8px 10px; text-align:center;\">840\u00d7405\u00d71100mm<\/td>\n<\/tr>\n<\/tbody>\n<\/table>","protected":false},"excerpt":{"rendered":"<p>Detailed Parameters Model ZS4120B ZS4125B Max. Drilling Capacity 16mm\/M14 20mm\/M16 Diameter of Column 85mm 85mm Spindle stroke 125mm 125mm Distance spindle axis to column surface 240mm 240mm Max. Distance spindle nose to table 350mm 350mm Max. Distance spindle nose to &hellip; <a href=\"https:\/\/www.pagsos.com\/fr\/produit\/zs4120b-zs4125b\/\">En savoir plus<\/a><\/p>","protected":false},"featured_media":6118,"comment_status":"closed","ping_status":"open","template":"","meta":[],"product_brand":[],"product_cat":[252],"product_tag":[],"class_list":{"0":"post-6117","1":"product","2":"type-product","3":"status-publish","4":"has-post-thumbnail","6":"product_cat-zs-drilling-tapping-series","8":"first","9":"instock","10":"product-type-simple"},"jetpack_sharing_enabled":true,"_links":{"self":[{"href":"https:\/\/www.pagsos.com\/fr\/wp-json\/wp\/v2\/product\/6117","targetHints":{"allow":["GET"]}}],"collection":[{"href":"https:\/\/www.pagsos.com\/fr\/wp-json\/wp\/v2\/product"}],"about":[{"href":"https:\/\/www.pagsos.com\/fr\/wp-json\/wp\/v2\/types\/product"}],"replies":[{"embeddable":true,"href":"https:\/\/www.pagsos.com\/fr\/wp-json\/wp\/v2\/comments?post=6117"}],"wp:featuredmedia":[{"embeddable":true,"href":"https:\/\/www.pagsos.com\/fr\/wp-json\/wp\/v2\/media\/6118"}],"wp:attachment":[{"href":"https:\/\/www.pagsos.com\/fr\/wp-json\/wp\/v2\/media?parent=6117"}],"wp:term":[{"taxonomy":"product_brand","embeddable":true,"href":"https:\/\/www.pagsos.com\/fr\/wp-json\/wp\/v2\/product_brand?post=6117"},{"taxonomy":"product_cat","embeddable":true,"href":"https:\/\/www.pagsos.com\/fr\/wp-json\/wp\/v2\/product_cat?post=6117"},{"taxonomy":"product_tag","embeddable":true,"href":"https:\/\/www.pagsos.com\/fr\/wp-json\/wp\/v2\/product_tag?post=6117"}],"curies":[{"name":"wp","href":"https:\/\/api.w.org\/{rel}","templated":true}]}}