{"id":6103,"date":"2024-04-20T13:51:28","date_gmt":"2024-04-20T13:51:28","guid":{"rendered":"https:\/\/www.chevaliermachine.com\/product\/z512a-z516a\/"},"modified":"2024-04-20T13:51:48","modified_gmt":"2024-04-20T13:51:48","slug":"z512a-z516a","status":"publish","type":"product","link":"https:\/\/www.pagsos.com\/fr\/produit\/z512a-z516a\/","title":{"rendered":"Z512A\/Z516A"},"content":{"rendered":"<div>\n<p style=\"font-size:18px; font-weight:bold; margin-bottom:10px;\">Param\u00e8tres d\u00e9taill\u00e9s<\/p>\n<table width=\"100%\" border=\"1\" bordercolor=\"#e5e5e5\" cellspacing=\"0\" cellpadding=\"0\" style=\"border-collapse: collapse;\">\n<tbody>\n<tr class=\"firstRow\">\n<td width=\"50%\" style=\"background-color:#383838; color:#fff; padding:8px 10px;\">Mod\u00e8le<\/td>\n<td width=\"25%\" style=\"background-color:#383838; color:#fff; padding:8px 10px; text-align:center;\">Z512A<\/td>\n<td width=\"25%\" style=\"background-color:#383838; color:#fff; padding:8px 10px; text-align:center;\">Z516A<\/td>\n<\/tr>\n<tr>\n<td style=\"padding:8px 10px;\">Capacit\u00e9 max. Capacit\u00e9 de forage<\/td>\n<td style=\"padding:8px 10px; text-align:center;\">12,7 mm<\/td>\n<td style=\"padding:8px 10px; text-align:center;\">16 mm<\/td>\n<\/tr>\n<tr>\n<td style=\"padding:8px 10px;\">Diam\u00e8tre de la colonne<\/td>\n<td style=\"padding:8px 10px; text-align:center;\">70 mm<\/td>\n<td style=\"padding:8px 10px; text-align:center;\">70 mm<\/td>\n<\/tr>\n<tr>\n<td style=\"padding:8px 10px;\">Course de la broche<\/td>\n<td style=\"padding:8px 10px; text-align:center;\">100mm<\/td>\n<td style=\"padding:8px 10px; text-align:center;\">100mm<\/td>\n<\/tr>\n<tr>\n<td style=\"padding:8px 10px;\">Distance entre l'axe de la broche et la surface de la colonne<\/td>\n<td style=\"padding:8px 10px; text-align:center;\">193mm<\/td>\n<td style=\"padding:8px 10px; text-align:center;\">193mm<\/td>\n<\/tr>\n<tr>\n<td style=\"padding:8px 10px;\">Distance max. Distance entre le nez de la broche et la table<\/td>\n<td style=\"padding:8px 10px; text-align:center;\">330mm<\/td>\n<td style=\"padding:8px 10px; text-align:center;\">330mm<\/td>\n<\/tr>\n<tr>\n<td style=\"padding:8px 10px;\">Distance max. Distance entre le nez de la broche et la base<\/td>\n<td style=\"padding:8px 10px; text-align:center;\">570mm<\/td>\n<td style=\"padding:8px 10px; text-align:center;\">570mm<\/td>\n<\/tr>\n<tr>\n<td style=\"padding:8px 10px;\">C\u00f4ne de la broche<\/td>\n<td style=\"padding:8px 10px; text-align:center;\">B16<\/td>\n<td style=\"padding:8px 10px; text-align:center;\">MT.2<\/td>\n<\/tr>\n<tr>\n<td style=\"padding:8px 10px;\">Gamme de vitesses de broche<\/td>\n<td style=\"padding:8px 10px; text-align:center;\">480\uff5e4100r\/min<\/td>\n<td style=\"padding:8px 10px; text-align:center;\">480\uff5e4100r\/min<\/td>\n<\/tr>\n<tr>\n<td style=\"padding:8px 10px;\">Vitesses de broche<\/td>\n<td style=\"padding:8px 10px; text-align:center;\">5<\/td>\n<td style=\"padding:8px 10px; text-align:center;\">5<\/td>\n<\/tr>\n<tr>\n<td style=\"padding:8px 10px;\">Surface de travail de la table<\/td>\n<td style=\"padding:8px 10px; text-align:center;\">265\u00d7265mm<\/td>\n<td style=\"padding:8px 10px; text-align:center;\">265\u00d7265mm<\/td>\n<\/tr>\n<tr>\n<td style=\"padding:8px 10px;\">Taille de la base<\/td>\n<td style=\"padding:8px 10px; text-align:center;\">520\u00d7345mm<\/td>\n<td style=\"padding:8px 10px; text-align:center;\">520\u00d7345mm<\/td>\n<\/tr>\n<tr>\n<td style=\"padding:8px 10px;\">Hauteur totale<\/td>\n<td style=\"padding:8px 10px; text-align:center;\">1042mm<\/td>\n<td style=\"padding:8px 10px; text-align:center;\">1042mm<\/td>\n<\/tr>\n<tr>\n<td style=\"padding:8px 10px;\">Moteur<\/td>\n<td style=\"padding:8px 10px; text-align:center;\">370W<\/td>\n<td style=\"padding:8px 10px; text-align:center;\">550W<\/td>\n<\/tr>\n<tr>\n<td style=\"padding:8px 10px;\">G.W\/N.W.<\/td>\n<td style=\"padding:8px 10px; text-align:center;\">110\/95kg<\/td>\n<td style=\"padding:8px 10px; text-align:center;\">110\/98kg<\/td>\n<\/tr>\n<tr>\n<td style=\"padding:8px 10px;\">Taille de l'emballage<\/td>\n<td style=\"padding:8px 10px; text-align:center;\">760\u00d7365\u00d71020mm<\/td>\n<td style=\"padding:8px 10px; text-align:center;\">760\u00d7365\u00d71020mm<\/td>\n<\/tr>\n<\/tbody>\n<\/table>","protected":false},"excerpt":{"rendered":"<p>Detailed Parameters Model Z512A Z516A Max. Drilling Capacity 12.7mm 16mm Diameter of Column 70mm 70mm Spindle stroke 100mm 100mm Distance spindle axis to column surface 193mm 193mm Max. Distance spindle nose to table 330mm 330mm Max. Distance spindle nose to &hellip; <a href=\"https:\/\/www.pagsos.com\/fr\/produit\/z512a-z516a\/\">En savoir plus<\/a><\/p>","protected":false},"featured_media":6104,"comment_status":"closed","ping_status":"open","template":"","meta":[],"product_brand":[],"product_cat":[255],"product_tag":[],"class_list":{"0":"post-6103","1":"product","2":"type-product","3":"status-publish","4":"has-post-thumbnail","6":"product_cat-z-industrial-drill-press-series","8":"first","9":"instock","10":"product-type-simple"},"jetpack_sharing_enabled":true,"_links":{"self":[{"href":"https:\/\/www.pagsos.com\/fr\/wp-json\/wp\/v2\/product\/6103","targetHints":{"allow":["GET"]}}],"collection":[{"href":"https:\/\/www.pagsos.com\/fr\/wp-json\/wp\/v2\/product"}],"about":[{"href":"https:\/\/www.pagsos.com\/fr\/wp-json\/wp\/v2\/types\/product"}],"replies":[{"embeddable":true,"href":"https:\/\/www.pagsos.com\/fr\/wp-json\/wp\/v2\/comments?post=6103"}],"wp:featuredmedia":[{"embeddable":true,"href":"https:\/\/www.pagsos.com\/fr\/wp-json\/wp\/v2\/media\/6104"}],"wp:attachment":[{"href":"https:\/\/www.pagsos.com\/fr\/wp-json\/wp\/v2\/media?parent=6103"}],"wp:term":[{"taxonomy":"product_brand","embeddable":true,"href":"https:\/\/www.pagsos.com\/fr\/wp-json\/wp\/v2\/product_brand?post=6103"},{"taxonomy":"product_cat","embeddable":true,"href":"https:\/\/www.pagsos.com\/fr\/wp-json\/wp\/v2\/product_cat?post=6103"},{"taxonomy":"product_tag","embeddable":true,"href":"https:\/\/www.pagsos.com\/fr\/wp-json\/wp\/v2\/product_tag?post=6103"}],"curies":[{"name":"wp","href":"https:\/\/api.w.org\/{rel}","templated":true}]}}