{"id":6081,"date":"2024-04-20T13:51:28","date_gmt":"2024-04-20T13:51:28","guid":{"rendered":"https:\/\/www.chevaliermachine.com\/product\/pv110-4%e2%80%b3\/"},"modified":"2024-04-20T13:51:31","modified_gmt":"2024-04-20T13:51:31","slug":"pv110-4%e2%80%b3","status":"publish","type":"product","link":"https:\/\/www.pagsos.com\/fr\/produit\/pv110-4%e2%80%b3\/","title":{"rendered":"PV110-4\u2033 (EN ANGLAIS)"},"content":{"rendered":"<div>\n<p style=\"font-size:18px; font-weight:bold; margin-bottom:10px;\">Param\u00e8tres d\u00e9taill\u00e9s<\/p>\n<table width=\"100%\" border=\"1\" bordercolor=\"#e5e5e5\" cellspacing=\"0\" cellpadding=\"0\" style=\"border-collapse: collapse;\">\n<tbody>\n<tr class=\"firstRow\">\n<td width=\"65%\" style=\"background-color:#383838; color:#fff; padding:8px 10px;\">Mod\u00e8le<\/td>\n<td width=\"35%\" style=\"background-color:#383838; color:#fff; padding:8px 10px; text-align:center;\">PV110-4\u2033 (EN ANGLAIS)<\/td>\n<\/tr>\n<tr>\n<td style=\"padding:8px 10px;\">Fonctionnalit\u00e9<\/td>\n<td style=\"padding:8px 10px; text-align:center;\">Serrage<\/td>\n<\/tr>\n<tr>\n<td style=\"padding:8px 10px;\">Hauteur totale<\/td>\n<td style=\"padding:8px 10px; text-align:center;\">60 mm<\/td>\n<\/tr>\n<tr>\n<td style=\"padding:8px 10px;\">Longueur totale<\/td>\n<td style=\"padding:8px 10px; text-align:center;\">230mm<\/td>\n<\/tr>\n<tr>\n<td style=\"padding:8px 10px;\">Capacit\u00e9 de serrage maximale<\/td>\n<td style=\"padding:8px 10px; text-align:center;\">110 mm<\/td>\n<\/tr>\n<tr>\n<td style=\"padding:8px 10px;\">Largeur de la m\u00e2choire<\/td>\n<td style=\"padding:8px 10px; text-align:center;\">106 mm<\/td>\n<\/tr>\n<tr>\n<td style=\"padding:8px 10px;\">Hauteur de la m\u00e2choire<\/td>\n<td style=\"padding:8px 10px; text-align:center;\">47mm<\/td>\n<\/tr>\n<tr>\n<td style=\"padding:8px 10px;\">Pas de la fente<\/td>\n<td style=\"padding:8px 10px; text-align:center;\">132mm<\/td>\n<\/tr>\n<tr>\n<td style=\"padding:8px 10px;\">Trou de vis<\/td>\n<td style=\"padding:8px 10px; text-align:center;\">13 mm<\/td>\n<\/tr>\n<tr>\n<td style=\"padding:8px 10px;\">Poids<\/td>\n<td style=\"padding:8px 10px; text-align:center;\">5,3 kg<\/td>\n<\/tr>\n<\/tbody>\n<\/table>","protected":false},"excerpt":{"rendered":"<p>Param\u00e8tres d\u00e9taill\u00e9s Mod\u00e8le PV110-4\u2033 Caract\u00e9ristiques Serrage Hauteur totale 60mm Longueur totale 230mm Capacit\u00e9 de serrage maximale 110mm Largeur de la m\u00e2choire 106mm Hauteur de la m\u00e2choire 47mm Pas de la fente 132mm Trou de vis 13mm Poids 5.3kgs<\/p>","protected":false},"featured_media":6082,"comment_status":"closed","ping_status":"open","template":"","meta":[],"product_brand":[],"product_cat":[251],"product_tag":[],"class_list":{"0":"post-6081","1":"product","2":"type-product","3":"status-publish","4":"has-post-thumbnail","6":"product_cat-pv-plain-vise-series","8":"first","9":"instock","10":"product-type-simple"},"jetpack_sharing_enabled":true,"_links":{"self":[{"href":"https:\/\/www.pagsos.com\/fr\/wp-json\/wp\/v2\/product\/6081","targetHints":{"allow":["GET"]}}],"collection":[{"href":"https:\/\/www.pagsos.com\/fr\/wp-json\/wp\/v2\/product"}],"about":[{"href":"https:\/\/www.pagsos.com\/fr\/wp-json\/wp\/v2\/types\/product"}],"replies":[{"embeddable":true,"href":"https:\/\/www.pagsos.com\/fr\/wp-json\/wp\/v2\/comments?post=6081"}],"wp:featuredmedia":[{"embeddable":true,"href":"https:\/\/www.pagsos.com\/fr\/wp-json\/wp\/v2\/media\/6082"}],"wp:attachment":[{"href":"https:\/\/www.pagsos.com\/fr\/wp-json\/wp\/v2\/media?parent=6081"}],"wp:term":[{"taxonomy":"product_brand","embeddable":true,"href":"https:\/\/www.pagsos.com\/fr\/wp-json\/wp\/v2\/product_brand?post=6081"},{"taxonomy":"product_cat","embeddable":true,"href":"https:\/\/www.pagsos.com\/fr\/wp-json\/wp\/v2\/product_cat?post=6081"},{"taxonomy":"product_tag","embeddable":true,"href":"https:\/\/www.pagsos.com\/fr\/wp-json\/wp\/v2\/product_tag?post=6081"}],"curies":[{"name":"wp","href":"https:\/\/api.w.org\/{rel}","templated":true}]}}