{"id":6051,"date":"2024-04-20T13:50:24","date_gmt":"2024-04-20T13:50:24","guid":{"rendered":"https:\/\/www.chevaliermachine.com\/product\/dp25016b-pro\/"},"modified":"2024-04-20T13:50:50","modified_gmt":"2024-04-20T13:50:50","slug":"dp25016b-pro","status":"publish","type":"product","link":"https:\/\/www.pagsos.com\/fr\/produit\/dp25016b-pro\/","title":{"rendered":"DP25016B-PRO"},"content":{"rendered":"<div>\n<p><img decoding=\"async\" src=\"https:\/\/cdn.myxypt.com\/9d3f902a\/23\/04\/186ac1569af0f884560abe14c29c9d21bbf95f4a.jpg\"\/><\/p>\n<p><\/p>\n<p style=\"font-size:18px; font-weight:bold; margin-bottom:10px;\">Param\u00e8tres d\u00e9taill\u00e9s<\/p>\n<table width=\"100%\" border=\"1\" bordercolor=\"#e5e5e5\" cellspacing=\"0\" cellpadding=\"0\" style=\"border-collapse: collapse;\">\n<tbody>\n<tr class=\"firstRow\">\n<td width=\"65%\" style=\"background-color:#383838; color:#fff; padding:8px 10px;\">Mod\u00e8le<\/td>\n<td width=\"35%\" style=\"background-color:#383838; color:#fff; padding:8px 10px; text-align:center;\">DP25016B-PRO<\/td>\n<\/tr>\n<tr>\n<td style=\"padding:8px 10px;\">Capacit\u00e9 de per\u00e7age (mm)<\/td>\n<td style=\"padding:8px 10px; text-align:center;\">16<\/td>\n<\/tr>\n<tr>\n<td style=\"padding:8px 10px;\">Capacit\u00e9 du mandrin (mm)<\/td>\n<td style=\"padding:8px 10px; text-align:center;\">16<\/td>\n<\/tr>\n<tr>\n<td style=\"padding:8px 10px;\">Balan\u00e7oire<\/td>\n<td style=\"padding:8px 10px; text-align:center;\"><span style=\"text-align: center;\">250<\/span><\/td>\n<\/tr>\n<tr>\n<td style=\"padding:8px 10px;\">Distance entre la broche et la colonne<\/td>\n<td style=\"padding:8px 10px; text-align:center;\">125<\/td>\n<\/tr>\n<tr>\n<td style=\"padding:8px 10px;\">C\u00f4ne de la broche<\/td>\n<td style=\"padding:8px 10px; text-align:center;\">MT2<\/td>\n<\/tr>\n<tr>\n<td style=\"padding:8px 10px;\">Gamme de vitesse (50Hz)<\/td>\n<td style=\"padding:8px 10px; text-align:center;\"><span style=\"text-align: center;\"><\/span>5(500-2500)<\/td>\n<\/tr>\n<tr>\n<td style=\"padding:8px 10px;\">Course de la broche<\/td>\n<td style=\"padding:8px 10px; text-align:center;\">60<\/td>\n<\/tr>\n<tr>\n<td style=\"padding:8px 10px;\">Diam\u00e8tre de la colonne (mm)<\/td>\n<td style=\"padding:8px 10px; text-align:center;\">59.5<\/td>\n<\/tr>\n<tr>\n<td style=\"padding:8px 10px;\">Cr\u00e9maill\u00e8re et pignon<\/td>\n<td style=\"padding:8px 10px; text-align:center;\">oui<\/td>\n<\/tr>\n<tr>\n<td style=\"padding:8px 10px;\">Max. Distance entre la broche et la table<\/td>\n<td style=\"padding:8px 10px; text-align:center;\">390<\/td>\n<\/tr>\n<tr>\n<td style=\"padding:8px 10px;\">Max. Distance entre la broche et la base<\/td>\n<td style=\"padding:8px 10px; text-align:center;\">510<\/td>\n<\/tr>\n<tr>\n<td style=\"padding:8px 10px;\">Taille de la base (mm)<\/td>\n<td style=\"padding:8px 10px; text-align:center;\">410\u00d7240<\/td>\n<\/tr>\n<tr>\n<td style=\"padding:8px 10px;\">Mat\u00e9riau de base<\/td>\n<td style=\"padding:8px 10px; text-align:center;\">fonte<\/td>\n<\/tr>\n<tr>\n<td style=\"padding:8px 10px;\">Taille du tableau (mm)<\/td>\n<td style=\"padding:8px 10px; text-align:center;\">220\u00d7220<\/td>\n<\/tr>\n<tr>\n<td style=\"padding:8px 10px;\">Inclinaison de la table<\/td>\n<td style=\"padding:8px 10px; text-align:center;\">oui -45\/45\u00b0<\/td>\n<\/tr>\n<tr>\n<td style=\"padding:8px 10px;\">Mat\u00e9riel de table<\/td>\n<td style=\"padding:8px 10px; text-align:center;\">fonte<\/td>\n<\/tr>\n<tr>\n<td style=\"padding:8px 10px;\">Moteur(w)\/S1<\/td>\n<td style=\"padding:8px 10px; text-align:center;\">400<\/td>\n<\/tr>\n<tr>\n<td style=\"padding:8px 10px;\">Hauteur (mm)<\/td>\n<td style=\"padding:8px 10px; text-align:center;\">850<\/td>\n<\/tr>\n<tr>\n<td style=\"padding:8px 10px;\">NW\/GW(kg)<\/td>\n<td style=\"padding:8px 10px; text-align:center;\">34\/37<\/td>\n<\/tr>\n<tr>\n<td style=\"padding:8px 10px;\">Taille de l'emballage (mm)<\/td>\n<td style=\"padding:8px 10px; text-align:center;\"><span style=\"text-align: center;\">690\u00d7430<\/span><span style=\"text-align: center;\">\u00d7260<\/span><\/td>\n<\/tr>\n<tr>\n<td style=\"padding:8px 10px;\">Quantit\u00e9 pour 20GP<\/td>\n<td style=\"padding:8px 10px; text-align:center;\">400<\/td>\n<\/tr>\n<\/tbody>\n<\/table>","protected":false},"excerpt":{"rendered":"<p>Detailed Parameters Model DP25016B-PRO Drill Capacity(mm) 16 Chuck Capacity(mm) 16 Swing 250 Distance from spindle to column 125 Spindle Taper MT2 Speed Range(50Hz) 5(500-2500) Spindle Travel 60 Colmn Diameter(mm) 59.5 Rack&amp;pinion yes Max. Distance spindle to table 390 Max. Distance &hellip; <a href=\"https:\/\/www.pagsos.com\/fr\/produit\/dp25016b-pro\/\">En savoir plus<\/a><\/p>","protected":false},"featured_media":6052,"comment_status":"closed","ping_status":"open","template":"","meta":[],"product_brand":[],"product_cat":[243],"product_tag":[],"class_list":{"0":"post-6051","1":"product","2":"type-product","3":"status-publish","4":"has-post-thumbnail","6":"product_cat-dp-pro-drill-press-series","8":"first","9":"instock","10":"product-type-simple"},"jetpack_sharing_enabled":true,"_links":{"self":[{"href":"https:\/\/www.pagsos.com\/fr\/wp-json\/wp\/v2\/product\/6051","targetHints":{"allow":["GET"]}}],"collection":[{"href":"https:\/\/www.pagsos.com\/fr\/wp-json\/wp\/v2\/product"}],"about":[{"href":"https:\/\/www.pagsos.com\/fr\/wp-json\/wp\/v2\/types\/product"}],"replies":[{"embeddable":true,"href":"https:\/\/www.pagsos.com\/fr\/wp-json\/wp\/v2\/comments?post=6051"}],"wp:featuredmedia":[{"embeddable":true,"href":"https:\/\/www.pagsos.com\/fr\/wp-json\/wp\/v2\/media\/6052"}],"wp:attachment":[{"href":"https:\/\/www.pagsos.com\/fr\/wp-json\/wp\/v2\/media?parent=6051"}],"wp:term":[{"taxonomy":"product_brand","embeddable":true,"href":"https:\/\/www.pagsos.com\/fr\/wp-json\/wp\/v2\/product_brand?post=6051"},{"taxonomy":"product_cat","embeddable":true,"href":"https:\/\/www.pagsos.com\/fr\/wp-json\/wp\/v2\/product_cat?post=6051"},{"taxonomy":"product_tag","embeddable":true,"href":"https:\/\/www.pagsos.com\/fr\/wp-json\/wp\/v2\/product_tag?post=6051"}],"curies":[{"name":"wp","href":"https:\/\/api.w.org\/{rel}","templated":true}]}}