{"id":6043,"date":"2024-04-20T13:50:24","date_gmt":"2024-04-20T13:50:24","guid":{"rendered":"https:\/\/www.chevaliermachine.com\/product\/dp33016f\/"},"modified":"2024-04-20T13:50:30","modified_gmt":"2024-04-20T13:50:30","slug":"dp33016f","status":"publish","type":"product","link":"https:\/\/www.pagsos.com\/fr\/produit\/dp33016f\/","title":{"rendered":"DP33016F"},"content":{"rendered":"<div>\n<p><img decoding=\"async\" src=\"https:\/\/cdn.myxypt.com\/9d3f902a\/23\/08\/82867f5a98ad63207b30df2c96cd0f3e04e102b9.jpg\"\/><\/p>\n<p><\/p>\n<p><\/p>\n<p style=\"font-size:18px; font-weight:bold; margin-bottom:10px;\">Param\u00e8tres d\u00e9taill\u00e9s<\/p>\n<table width=\"100%\" border=\"1\" bordercolor=\"#e5e5e5\" cellspacing=\"0\" cellpadding=\"0\" style=\"border-collapse: collapse;\">\n<tbody>\n<tr class=\"firstRow\">\n<td width=\"65%\" style=\"background-color:#383838; color:#fff; padding:8px 10px;\">Mod\u00e8le<\/td>\n<td width=\"35%\" style=\"background-color:#383838; color:#fff; padding:8px 10px; text-align:center;\">DP33016F<\/td>\n<\/tr>\n<tr>\n<td style=\"padding:8px 10px;\">Capacit\u00e9 de forage<\/td>\n<td style=\"padding:8px 10px; text-align:center;\">16 mm<\/td>\n<\/tr>\n<tr>\n<td style=\"padding:8px 10px;\">Capacit\u00e9 du mandrin<\/td>\n<td style=\"padding:8px 10px; text-align:center;\">16 mm<\/td>\n<\/tr>\n<tr>\n<td style=\"padding:8px 10px;\">Balan\u00e7oire<\/td>\n<td style=\"padding:8px 10px; text-align:center;\"><span style=\"text-align: center;\">13\"(330mm)<\/span><\/td>\n<\/tr>\n<tr>\n<td style=\"padding:8px 10px;\">C\u00f4ne de la broche<\/td>\n<td style=\"padding:8px 10px; text-align:center;\">MT2<\/td>\n<\/tr>\n<tr>\n<td style=\"padding:8px 10px;\">Gamme de vitesse<\/td>\n<td style=\"padding:8px 10px; text-align:center;\"><span style=\"text-align: center;\"><\/span>12(180-2740)<\/td>\n<\/tr>\n<tr>\n<td style=\"padding:8px 10px;\">Gamme de vitesse<\/td>\n<td style=\"padding:8px 10px; text-align:center;\"><span style=\"text-align: center;\"><\/span>12(250-3100)<\/td>\n<\/tr>\n<tr>\n<td style=\"padding:8px 10px;\">Course de la broche<\/td>\n<td style=\"padding:8px 10px; text-align:center;\">80mm<\/td>\n<\/tr>\n<tr>\n<td style=\"padding:8px 10px;\">Diam\u00e8tre de la colonne<\/td>\n<td style=\"padding:8px 10px; text-align:center;\">73mm<\/td>\n<\/tr>\n<tr>\n<td style=\"padding:8px 10px;\">Cr\u00e9maill\u00e8re et pignon<\/td>\n<td style=\"padding:8px 10px; text-align:center;\">OUI<\/td>\n<\/tr>\n<tr>\n<td style=\"padding:8px 10px;\">Taille de la base (mm)<\/td>\n<td style=\"padding:8px 10px; text-align:center;\">450\u00d7270<\/td>\n<\/tr>\n<tr>\n<td style=\"padding:8px 10px;\">Taille du tableau (mm)<\/td>\n<td style=\"padding:8px 10px; text-align:center;\">254\u00d7254<\/td>\n<\/tr>\n<tr>\n<td style=\"padding:8px 10px;\">Moteur<\/td>\n<td style=\"padding:8px 10px; text-align:center;\">600W<\/td>\n<\/tr>\n<tr>\n<td style=\"padding:8px 10px;\">Hauteur totale<\/td>\n<td style=\"padding:8px 10px; text-align:center;\">1630mm<\/td>\n<\/tr>\n<tr>\n<td style=\"padding:8px 10px;\">N.W. \/ G.W.<\/td>\n<td style=\"padding:8px 10px; text-align:center;\">55\/60kgs<\/td>\n<\/tr>\n<tr>\n<td style=\"padding:8px 10px;\">Taille de l'emballage (mm)<\/td>\n<td style=\"padding:8px 10px; text-align:center;\"><span style=\"text-align: center;\">1430\u00d7510<\/span><span style=\"text-align: center;\">\u00d7256<\/span><\/td>\n<\/tr>\n<tr>\n<td style=\"padding:8px 10px;\">Unit\u00e9s par conteneur de 20 pieds<\/td>\n<td style=\"padding:8px 10px; text-align:center;\">160pcs<\/td>\n<\/tr>\n<\/tbody>\n<\/table>","protected":false},"excerpt":{"rendered":"<p>Detailed Parameters Model DP33016F Drill Capacity 16mm Chuck Capacity 16mm Swing 13&quot;(330mm) Spindle Taper MT2 Speed Range 12(180-2740) Speed Range 12(250-3100) Spindle Travel 80mm Column Diameter 73mm Rack &amp; Pinion YES Base Size(mm) 450\u00d7270 Table Size(mm) 254\u00d7254 Motor 600W Overall &hellip; <a href=\"https:\/\/www.pagsos.com\/fr\/produit\/dp33016f\/\">En savoir plus<\/a><\/p>","protected":false},"featured_media":6044,"comment_status":"closed","ping_status":"open","template":"","meta":[],"product_brand":[],"product_cat":[249],"product_tag":[],"class_list":{"0":"post-6043","1":"product","2":"type-product","3":"status-publish","4":"has-post-thumbnail","6":"product_cat-dp-drill-press-series","8":"first","9":"instock","10":"product-type-simple"},"jetpack_sharing_enabled":true,"_links":{"self":[{"href":"https:\/\/www.pagsos.com\/fr\/wp-json\/wp\/v2\/product\/6043","targetHints":{"allow":["GET"]}}],"collection":[{"href":"https:\/\/www.pagsos.com\/fr\/wp-json\/wp\/v2\/product"}],"about":[{"href":"https:\/\/www.pagsos.com\/fr\/wp-json\/wp\/v2\/types\/product"}],"replies":[{"embeddable":true,"href":"https:\/\/www.pagsos.com\/fr\/wp-json\/wp\/v2\/comments?post=6043"}],"wp:featuredmedia":[{"embeddable":true,"href":"https:\/\/www.pagsos.com\/fr\/wp-json\/wp\/v2\/media\/6044"}],"wp:attachment":[{"href":"https:\/\/www.pagsos.com\/fr\/wp-json\/wp\/v2\/media?parent=6043"}],"wp:term":[{"taxonomy":"product_brand","embeddable":true,"href":"https:\/\/www.pagsos.com\/fr\/wp-json\/wp\/v2\/product_brand?post=6043"},{"taxonomy":"product_cat","embeddable":true,"href":"https:\/\/www.pagsos.com\/fr\/wp-json\/wp\/v2\/product_cat?post=6043"},{"taxonomy":"product_tag","embeddable":true,"href":"https:\/\/www.pagsos.com\/fr\/wp-json\/wp\/v2\/product_tag?post=6043"}],"curies":[{"name":"wp","href":"https:\/\/api.w.org\/{rel}","templated":true}]}}