{"id":6031,"date":"2024-04-20T13:49:51","date_gmt":"2024-04-20T13:49:51","guid":{"rendered":"https:\/\/www.chevaliermachine.com\/product\/dp20013a\/"},"modified":"2024-04-20T13:50:17","modified_gmt":"2024-04-20T13:50:17","slug":"dp20013a","status":"publish","type":"product","link":"https:\/\/www.pagsos.com\/fr\/produit\/dp20013a\/","title":{"rendered":"DP20013A"},"content":{"rendered":"<div>\n<p style=\"font-size:18px; font-weight:bold; margin-bottom:10px;\">Param\u00e8tres d\u00e9taill\u00e9s<\/p>\n<table width=\"100%\" border=\"1\" bordercolor=\"#e5e5e5\" cellspacing=\"0\" cellpadding=\"0\" style=\"border-collapse: collapse;\">\n<tbody>\n<tr class=\"firstRow\">\n<td width=\"65%\" style=\"background-color:#383838; color:#fff; padding:8px 10px;\">Mod\u00e8le<\/td>\n<td width=\"35%\" style=\"background-color:#383838; color:#fff; padding:8px 10px; text-align:center;\">DP20013A<\/td>\n<\/tr>\n<tr>\n<td style=\"padding:8px 10px;\">Capacit\u00e9 de forage<\/td>\n<td style=\"padding:8px 10px; text-align:center;\">13 mm<\/td>\n<\/tr>\n<tr>\n<td style=\"padding:8px 10px;\">&nbsp;Capacit\u00e9 du mandrin<\/td>\n<td style=\"padding:8px 10px; text-align:center;\">13 mm<\/td>\n<\/tr>\n<tr>\n<td style=\"padding:8px 10px;\">Balan\u00e7oire<\/td>\n<td style=\"padding:8px 10px; text-align:center;\"><span style=\"text-align: center;\">8\"(200mm)<\/span><\/td>\n<\/tr>\n<tr>\n<td style=\"padding:8px 10px;\">C\u00f4ne de la broche<\/td>\n<td style=\"padding:8px 10px; text-align:center;\">B16<\/td>\n<\/tr>\n<tr>\n<td style=\"padding:8px 10px;\">Gamme de vitesse<\/td>\n<td style=\"padding:8px 10px; text-align:center;\"><span style=\"text-align: center;\"><\/span>5(500-2500)<\/td>\n<\/tr>\n<tr>\n<td style=\"padding:8px 10px;\">Gamme de vitesse<\/td>\n<td style=\"padding:8px 10px; text-align:center;\"><span style=\"text-align: center;\"><\/span>5(620-3100)<\/td>\n<\/tr>\n<tr>\n<td style=\"padding:8px 10px;\">Course de la broche<\/td>\n<td style=\"padding:8px 10px; text-align:center;\">50 mm<\/td>\n<\/tr>\n<tr>\n<td style=\"padding:8px 10px;\">Diam\u00e8tre de la colonne<\/td>\n<td style=\"padding:8px 10px; text-align:center;\">48mm<\/td>\n<\/tr>\n<tr>\n<td style=\"padding:8px 10px;\">Cr\u00e9maill\u00e8re et pignon<\/td>\n<td style=\"padding:8px 10px; text-align:center;\">NON<\/td>\n<\/tr>\n<tr>\n<td style=\"padding:8px 10px;\">Taille de la base<\/td>\n<td style=\"padding:8px 10px; text-align:center;\">280\u00d7180<span style=\"text-align: center;\">mm<\/span><\/td>\n<\/tr>\n<tr>\n<td style=\"padding:8px 10px;\">Taille du tableau<\/td>\n<td style=\"padding:8px 10px; text-align:center;\">165\u00d7165<span style=\"text-align: center;\">mm<\/span><\/td>\n<\/tr>\n<tr>\n<td style=\"padding:8px 10px;\">Moteur<\/td>\n<td style=\"padding:8px 10px; text-align:center;\">300W<\/td>\n<\/tr>\n<tr>\n<td style=\"padding:8px 10px;\">Hauteur totale<\/td>\n<td style=\"padding:8px 10px; text-align:center;\">580mm<\/td>\n<\/tr>\n<tr>\n<td style=\"padding:8px 10px;\">N.W. \/ G.W.<\/td>\n<td style=\"padding:8px 10px; text-align:center;\">15\/17kgs<\/td>\n<\/tr>\n<tr>\n<td style=\"padding:8px 10px;\">Taille de l'emballage<\/td>\n<td style=\"padding:8px 10px; text-align:center;\"><span style=\"text-align: center;\">470\u00d7240<\/span><span style=\"text-align: center;\">\u00d7350<span style=\"text-align: center;\">mm<\/span><\/span><\/td>\n<\/tr>\n<tr>\n<td style=\"padding:8px 10px;\">Unit\u00e9s par conteneur de 20 pieds<\/td>\n<td style=\"padding:8px 10px; text-align:center;\">850pcs<\/td>\n<\/tr>\n<\/tbody>\n<\/table>","protected":false},"excerpt":{"rendered":"<p>Detailed Parameters Model DP20013A Drill Capacity 13mm Chuck Capacity 13mm Swing 8\"(200mm) Spindle Taper B16 Speed Range 5(500-2500) Speed Range 5(620-3100) Spindle Travel 50mm Column Diameter 48mm Rack &amp; Pinion NO Base Size 280\u00d7180mm Table Size 165\u00d7165mm Motor 300W Overall ... <a href=\"https:\/\/www.pagsos.com\/fr\/produit\/dp20013a\/\">En savoir plus<\/a><\/p>","protected":false},"featured_media":6032,"comment_status":"closed","ping_status":"open","template":"","meta":[],"product_brand":[],"product_cat":[249],"product_tag":[],"class_list":{"0":"post-6031","1":"product","2":"type-product","3":"status-publish","4":"has-post-thumbnail","6":"product_cat-dp-drill-press-series","8":"first","9":"instock","10":"product-type-simple"},"jetpack_sharing_enabled":true,"_links":{"self":[{"href":"https:\/\/www.pagsos.com\/fr\/wp-json\/wp\/v2\/product\/6031","targetHints":{"allow":["GET"]}}],"collection":[{"href":"https:\/\/www.pagsos.com\/fr\/wp-json\/wp\/v2\/product"}],"about":[{"href":"https:\/\/www.pagsos.com\/fr\/wp-json\/wp\/v2\/types\/product"}],"replies":[{"embeddable":true,"href":"https:\/\/www.pagsos.com\/fr\/wp-json\/wp\/v2\/comments?post=6031"}],"wp:featuredmedia":[{"embeddable":true,"href":"https:\/\/www.pagsos.com\/fr\/wp-json\/wp\/v2\/media\/6032"}],"wp:attachment":[{"href":"https:\/\/www.pagsos.com\/fr\/wp-json\/wp\/v2\/media?parent=6031"}],"wp:term":[{"taxonomy":"product_brand","embeddable":true,"href":"https:\/\/www.pagsos.com\/fr\/wp-json\/wp\/v2\/product_brand?post=6031"},{"taxonomy":"product_cat","embeddable":true,"href":"https:\/\/www.pagsos.com\/fr\/wp-json\/wp\/v2\/product_cat?post=6031"},{"taxonomy":"product_tag","embeddable":true,"href":"https:\/\/www.pagsos.com\/fr\/wp-json\/wp\/v2\/product_tag?post=6031"}],"curies":[{"name":"wp","href":"https:\/\/api.w.org\/{rel}","templated":true}]}}