{"id":6019,"date":"2024-04-20T13:49:51","date_gmt":"2024-04-20T13:49:51","guid":{"rendered":"https:\/\/www.chevaliermachine.com\/product\/zk7025b-vs\/"},"modified":"2024-04-20T13:50:07","modified_gmt":"2024-04-20T13:50:07","slug":"zk7025b-vs","status":"publish","type":"product","link":"https:\/\/www.pagsos.com\/fr\/produit\/zk7025b-vs\/","title":{"rendered":"ZK7025B-VS"},"content":{"rendered":"<div>\n<p style=\"font-size:18px; font-weight:bold; margin-bottom:10px;\">Param\u00e8tres d\u00e9taill\u00e9s<\/p>\n<table width=\"100%\" border=\"1\" bordercolor=\"#e5e5e5\" cellspacing=\"0\" cellpadding=\"0\" style=\"border-collapse: collapse;\">\n<tbody>\n<tr class=\"firstRow\">\n<td width=\"65%\" style=\"background-color:#383838; color:#fff; padding:8px 10px;\">Mod\u00e8le<\/td>\n<td width=\"35%\" style=\"background-color:#383838; color:#fff; padding:8px 10px; text-align:center;\">ZK7025B-VS<\/td>\n<\/tr>\n<tr>\n<td style=\"padding:8px 10px;\">Capacit\u00e9 de forage maximale<\/td>\n<td style=\"padding:8px 10px; text-align:center;\">25 mm<\/td>\n<\/tr>\n<tr>\n<td style=\"padding:8px 10px;\">Largeur du surfa\u00e7age<\/td>\n<td style=\"padding:8px 10px; text-align:center;\">63mm<\/td>\n<\/tr>\n<tr>\n<td style=\"padding:8px 10px;\">Diam\u00e8tre de fraisage vertical<\/td>\n<td style=\"padding:8px 10px; text-align:center;\">13 mm<\/td>\n<\/tr>\n<tr>\n<td style=\"padding:8px 10px;\">Course de la broche<\/td>\n<td style=\"padding:8px 10px; text-align:center;\">90mm<\/td>\n<\/tr>\n<tr>\n<td style=\"padding:8px 10px;\">Distance entre l'axe de la broche et la surface de la colonne<\/td>\n<td style=\"padding:8px 10px; text-align:center;\">202mm<\/td>\n<\/tr>\n<tr>\n<td style=\"padding:8px 10px;\">Distance maximale entre le nez de la broche et la table de travail<\/td>\n<td style=\"padding:8px 10px; text-align:center;\">380 mm<\/td>\n<\/tr>\n<tr>\n<td style=\"padding:8px 10px;\">C\u00f4ne de broche<\/td>\n<td style=\"padding:8px 10px; text-align:center;\">MT3<\/td>\n<\/tr>\n<tr>\n<td style=\"padding:8px 10px;\">Plage de vitesse de la broche<\/td>\n<td style=\"padding:8px 10px; text-align:center;\">0-2150RPM<\/td>\n<\/tr>\n<tr>\n<td style=\"padding:8px 10px;\">Vitesses de broche<\/td>\n<td style=\"padding:8px 10px; text-align:center;\">2<\/td>\n<\/tr>\n<tr>\n<td style=\"padding:8px 10px;\">Taille du tableau<\/td>\n<td style=\"padding:8px 10px; text-align:center;\">585x195mm<\/td>\n<\/tr>\n<tr>\n<td style=\"padding:8px 10px;\">D\u00e9placement de la table de travail<\/td>\n<td style=\"padding:8px 10px; text-align:center;\">355x115mm<\/td>\n<\/tr>\n<tr>\n<td style=\"padding:8px 10px;\">Taille de la base<\/td>\n<td style=\"padding:8px 10px; text-align:center;\">517x338mm<\/td>\n<\/tr>\n<tr>\n<td style=\"padding:8px 10px;\">Hauteur totale<\/td>\n<td style=\"padding:8px 10px; text-align:center;\">1560mm<\/td>\n<\/tr>\n<tr>\n<td style=\"padding:8px 10px;\">Course de la t\u00eate<\/td>\n<td style=\"padding:8px 10px; text-align:center;\">300mm<\/td>\n<\/tr>\n<tr>\n<td style=\"padding:8px 10px;\">Moteur<\/td>\n<td style=\"padding:8px 10px; text-align:center;\">750W<\/td>\n<\/tr>\n<tr>\n<td style=\"padding:8px 10px;\">Lumi\u00e8re LED<\/td>\n<td style=\"padding:8px 10px; text-align:center;\">OUI<\/td>\n<\/tr>\n<tr>\n<td style=\"padding:8px 10px;\">Croix laser<\/td>\n<td style=\"padding:8px 10px; text-align:center;\">OUI<\/td>\n<\/tr>\n<tr>\n<td style=\"padding:8px 10px;\">Mandrin CE<\/td>\n<td style=\"padding:8px 10px; text-align:center;\">OUI<\/td>\n<\/tr>\n<tr>\n<td style=\"padding:8px 10px;\">PLC<\/td>\n<td style=\"padding:8px 10px; text-align:center;\">OUI<\/td>\n<\/tr>\n<tr>\n<td style=\"padding:8px 10px;\">Vitesse variable<\/td>\n<td style=\"padding:8px 10px; text-align:center;\">OUI<\/td>\n<\/tr>\n<tr>\n<td style=\"padding:8px 10px;\">N.W. \/ G.W.<\/td>\n<td style=\"padding:8px 10px; text-align:center;\">212\/250KG<\/td>\n<\/tr>\n<tr>\n<td style=\"padding:8px 10px;\">Taille de l'emballage<\/td>\n<td style=\"padding:8px 10px; text-align:center;\">920X900X1630MM<\/td>\n<\/tr>\n<tr>\n<td style=\"padding:8px 10px;\">Quantit\u00e9 pour 20GP<\/td>\n<td style=\"padding:8px 10px; text-align:center;\">12<\/td>\n<\/tr>\n<\/tbody>\n<\/table>","protected":false},"excerpt":{"rendered":"<p>Detailed Parameters Model ZK7025B-VS Max.drilling capacity 25mm Width of face milling 63mm Diameter of vertical milling 13mm Spindle travel 90mm Distance spindle axis to column surface 202mm Max. distance spindle nose to worktable 380mm Spindle taper MT3 Spindle speed range &hellip; <a href=\"https:\/\/www.pagsos.com\/fr\/produit\/zk7025b-vs\/\">En savoir plus<\/a><\/p>","protected":false},"featured_media":6020,"comment_status":"closed","ping_status":"open","template":"","meta":[],"product_brand":[],"product_cat":[247],"product_tag":[],"class_list":{"0":"post-6019","1":"product","2":"type-product","3":"status-publish","4":"has-post-thumbnail","6":"product_cat-zk-automatic-drilling-series","8":"first","9":"instock","10":"product-type-simple"},"jetpack_sharing_enabled":true,"_links":{"self":[{"href":"https:\/\/www.pagsos.com\/fr\/wp-json\/wp\/v2\/product\/6019","targetHints":{"allow":["GET"]}}],"collection":[{"href":"https:\/\/www.pagsos.com\/fr\/wp-json\/wp\/v2\/product"}],"about":[{"href":"https:\/\/www.pagsos.com\/fr\/wp-json\/wp\/v2\/types\/product"}],"replies":[{"embeddable":true,"href":"https:\/\/www.pagsos.com\/fr\/wp-json\/wp\/v2\/comments?post=6019"}],"wp:featuredmedia":[{"embeddable":true,"href":"https:\/\/www.pagsos.com\/fr\/wp-json\/wp\/v2\/media\/6020"}],"wp:attachment":[{"href":"https:\/\/www.pagsos.com\/fr\/wp-json\/wp\/v2\/media?parent=6019"}],"wp:term":[{"taxonomy":"product_brand","embeddable":true,"href":"https:\/\/www.pagsos.com\/fr\/wp-json\/wp\/v2\/product_brand?post=6019"},{"taxonomy":"product_cat","embeddable":true,"href":"https:\/\/www.pagsos.com\/fr\/wp-json\/wp\/v2\/product_cat?post=6019"},{"taxonomy":"product_tag","embeddable":true,"href":"https:\/\/www.pagsos.com\/fr\/wp-json\/wp\/v2\/product_tag?post=6019"}],"curies":[{"name":"wp","href":"https:\/\/api.w.org\/{rel}","templated":true}]}}