{"id":5999,"date":"2024-04-20T13:49:51","date_gmt":"2024-04-20T13:49:51","guid":{"rendered":"https:\/\/www.chevaliermachine.com\/product\/z2025b\/"},"modified":"2024-04-20T13:49:52","modified_gmt":"2024-04-20T13:49:52","slug":"z2025b","status":"publish","type":"product","link":"https:\/\/www.pagsos.com\/fr\/produit\/z2025b\/","title":{"rendered":"Z2025B"},"content":{"rendered":"<div>\n<p><img decoding=\"async\" src=\"https:\/\/cdn.myxypt.com\/9d3f902a\/23\/04\/4c6f5f767b873c753e2ab97c59b4b012f3b2a855.jpg\"\/><\/p>\n<p><\/p>\n<p style=\"font-size:18px; font-weight:bold; margin-bottom:10px;\">Param\u00e8tres d\u00e9taill\u00e9s<\/p>\n<table width=\"100%\" border=\"1\" bordercolor=\"#e5e5e5\" cellspacing=\"0\" cellpadding=\"0\" style=\"border-collapse: collapse;\">\n<tbody>\n<tr class=\"firstRow\">\n<td width=\"65%\" style=\"background-color:#383838; color:#fff; padding:8px 10px;\">Mod\u00e8le<\/td>\n<td width=\"35%\" style=\"background-color:#383838; color:#fff; padding:8px 10px; text-align:center;\">Z2025B<\/td>\n<\/tr>\n<tr>\n<td style=\"padding:8px 10px;\">Fonctionnalit\u00e9<\/td>\n<td style=\"padding:8px 10px; text-align:center;\">Forage<\/td>\n<\/tr>\n<tr>\n<td style=\"padding:8px 10px;\">Capacit\u00e9 de forage<\/td>\n<td style=\"padding:8px 10px; text-align:center;\">25 mm<\/td>\n<\/tr>\n<tr>\n<td style=\"padding:8px 10px;\">Capacit\u00e9 du mandrin<\/td>\n<td style=\"padding:8px 10px; text-align:center;\">B16 1~16mm<\/td>\n<\/tr>\n<tr>\n<td style=\"padding:8px 10px;\">Diam\u00e8tre de la colonne<\/td>\n<td style=\"padding:8px 10px; text-align:center;\">85 mm<\/td>\n<\/tr>\n<tr>\n<td style=\"padding:8px 10px;\">Course de la broche<\/td>\n<td style=\"padding:8px 10px; text-align:center;\">135 mm<\/td>\n<\/tr>\n<tr>\n<td style=\"padding:8px 10px;\">Balan\u00e7oire<\/td>\n<td style=\"padding:8px 10px; text-align:center;\">510 mm<\/td>\n<\/tr>\n<tr>\n<td style=\"padding:8px 10px;\">Max. Distance entre la broche et la table<\/td>\n<td style=\"padding:8px 10px; text-align:center;\">280mm<\/td>\n<\/tr>\n<tr>\n<td style=\"padding:8px 10px;\">Max. Distance entre la broche et la base<\/td>\n<td style=\"padding:8px 10px; text-align:center;\">540 mm<\/td>\n<\/tr>\n<tr>\n<td style=\"padding:8px 10px;\">C\u00f4ne de la broche<\/td>\n<td style=\"padding:8px 10px; text-align:center;\">MT3<\/td>\n<\/tr>\n<tr>\n<td style=\"padding:8px 10px;\">Gamme de vitesse<\/td>\n<td style=\"padding:8px 10px; text-align:center;\"><span style=\"text-align: center;\">200~<\/span>2400 tr\/min<\/td>\n<\/tr>\n<tr>\n<td style=\"padding:8px 10px;\">Nombre de vitesses<\/td>\n<td style=\"padding:8px 10px; text-align:center;\">5<\/td>\n<\/tr>\n<tr>\n<td style=\"padding:8px 10px;\">Taille du tableau<\/td>\n<td style=\"padding:8px 10px; text-align:center;\">338\u00d7300mm<\/td>\n<\/tr>\n<tr>\n<td style=\"padding:8px 10px;\">Taille de la base<\/td>\n<td style=\"padding:8px 10px; text-align:center;\">600\u00d7385mm<\/td>\n<\/tr>\n<tr>\n<td style=\"padding:8px 10px;\">Hauteur totale<\/td>\n<td style=\"padding:8px 10px; text-align:center;\">1100mm<\/td>\n<\/tr>\n<tr>\n<td style=\"padding:8px 10px;\">Moteur<\/td>\n<td style=\"padding:8px 10px; text-align:center;\">1100W\/400V\/50Hz<\/td>\n<\/tr>\n<tr>\n<td style=\"padding:8px 10px;\">Poids<\/td>\n<td style=\"padding:8px 10px; text-align:center;\">160Kg<\/td>\n<\/tr>\n<tr>\n<td style=\"padding:8px 10px;\">Taille de l'emballage<\/td>\n<td style=\"padding:8px 10px; text-align:center;\">1595\u00d7710\u00d7485mm<\/td>\n<\/tr>\n<tr>\n<td style=\"padding:8px 10px;\">Quantit\u00e9 pour 20ft<\/td>\n<td style=\"padding:8px 10px; text-align:center;\">46PCS<\/td>\n<\/tr>\n<\/tbody>\n<\/table>","protected":false},"excerpt":{"rendered":"<p>Detailed Parameters Model Z2025B Feature Drilling Drill Capacity 25mm Chuck Capacity B16 1~16mm Column Diameter 85mm Spindle Travel 135mm Swing 510mm Max. Distance spindle to table 280mm Max. Distance spindle to base 540mm Spindle Taper MT3 Speed Range 200~2400rpm No. &hellip; <a href=\"https:\/\/www.pagsos.com\/fr\/produit\/z2025b\/\">En savoir plus<\/a><\/p>","protected":false},"featured_media":6000,"comment_status":"closed","ping_status":"open","template":"","meta":[],"product_brand":[],"product_cat":[245],"product_tag":[],"class_list":{"0":"post-5999","1":"product","2":"type-product","3":"status-publish","4":"has-post-thumbnail","6":"product_cat-z-drilling-series","8":"first","9":"instock","10":"product-type-simple"},"jetpack_sharing_enabled":true,"_links":{"self":[{"href":"https:\/\/www.pagsos.com\/fr\/wp-json\/wp\/v2\/product\/5999","targetHints":{"allow":["GET"]}}],"collection":[{"href":"https:\/\/www.pagsos.com\/fr\/wp-json\/wp\/v2\/product"}],"about":[{"href":"https:\/\/www.pagsos.com\/fr\/wp-json\/wp\/v2\/types\/product"}],"replies":[{"embeddable":true,"href":"https:\/\/www.pagsos.com\/fr\/wp-json\/wp\/v2\/comments?post=5999"}],"wp:featuredmedia":[{"embeddable":true,"href":"https:\/\/www.pagsos.com\/fr\/wp-json\/wp\/v2\/media\/6000"}],"wp:attachment":[{"href":"https:\/\/www.pagsos.com\/fr\/wp-json\/wp\/v2\/media?parent=5999"}],"wp:term":[{"taxonomy":"product_brand","embeddable":true,"href":"https:\/\/www.pagsos.com\/fr\/wp-json\/wp\/v2\/product_brand?post=5999"},{"taxonomy":"product_cat","embeddable":true,"href":"https:\/\/www.pagsos.com\/fr\/wp-json\/wp\/v2\/product_cat?post=5999"},{"taxonomy":"product_tag","embeddable":true,"href":"https:\/\/www.pagsos.com\/fr\/wp-json\/wp\/v2\/product_tag?post=5999"}],"curies":[{"name":"wp","href":"https:\/\/api.w.org\/{rel}","templated":true}]}}