{"id":5997,"date":"2024-04-20T13:49:51","date_gmt":"2024-04-20T13:49:51","guid":{"rendered":"https:\/\/www.chevaliermachine.com\/product\/z1720b\/"},"modified":"2024-04-20T13:49:51","modified_gmt":"2024-04-20T13:49:51","slug":"z1720b","status":"publish","type":"product","link":"https:\/\/www.pagsos.com\/fr\/produit\/z1720b\/","title":{"rendered":"Z1720B"},"content":{"rendered":"<div>\n<p><img decoding=\"async\" src=\"https:\/\/cdn.myxypt.com\/9d3f902a\/23\/04\/4c6f5f767b873c753e2ab97c59b4b012f3b2a855.jpg\"\/><\/p>\n<p><\/p>\n<p style=\"font-size:18px; font-weight:bold; margin-bottom:10px;\">Param\u00e8tres d\u00e9taill\u00e9s<\/p>\n<table width=\"100%\" border=\"1\" bordercolor=\"#e5e5e5\" cellspacing=\"0\" cellpadding=\"0\" style=\"border-collapse: collapse;\">\n<tbody>\n<tr class=\"firstRow\">\n<td width=\"65%\" style=\"background-color:#383838; color:#fff; padding:8px 10px;\">Mod\u00e8le<\/td>\n<td width=\"35%\" style=\"background-color:#383838; color:#fff; padding:8px 10px; text-align:center;\">Z1720B<\/td>\n<\/tr>\n<tr>\n<td style=\"padding:8px 10px;\">Fonctionnalit\u00e9<\/td>\n<td style=\"padding:8px 10px; text-align:center;\">Forage<\/td>\n<\/tr>\n<tr>\n<td style=\"padding:8px 10px;\">Capacit\u00e9 de forage<\/td>\n<td style=\"padding:8px 10px; text-align:center;\">20 mm<\/td>\n<\/tr>\n<tr>\n<td style=\"padding:8px 10px;\">Capacit\u00e9 du mandrin<\/td>\n<td style=\"padding:8px 10px; text-align:center;\">B16 1~16mm<\/td>\n<\/tr>\n<tr>\n<td style=\"padding:8px 10px;\">Diam\u00e8tre de la colonne<\/td>\n<td style=\"padding:8px 10px; text-align:center;\">70 mm<\/td>\n<\/tr>\n<tr>\n<td style=\"padding:8px 10px;\">Course de la broche<\/td>\n<td style=\"padding:8px 10px; text-align:center;\">100mm<\/td>\n<\/tr>\n<tr>\n<td style=\"padding:8px 10px;\">Balan\u00e7oire<\/td>\n<td style=\"padding:8px 10px; text-align:center;\">410mm<\/td>\n<\/tr>\n<tr>\n<td style=\"padding:8px 10px;\">Max. Distance entre la broche et la table<\/td>\n<td style=\"padding:8px 10px; text-align:center;\">320mm<\/td>\n<\/tr>\n<tr>\n<td style=\"padding:8px 10px;\">Max. Distance entre la broche et la base<\/td>\n<td style=\"padding:8px 10px; text-align:center;\">530mm<\/td>\n<\/tr>\n<tr>\n<td style=\"padding:8px 10px;\">C\u00f4ne de la broche<\/td>\n<td style=\"padding:8px 10px; text-align:center;\">MT2<\/td>\n<\/tr>\n<tr>\n<td style=\"padding:8px 10px;\">Gamme de vitesse<\/td>\n<td style=\"padding:8px 10px; text-align:center;\"><span style=\"text-align: center;\">200~<\/span>2400 tr\/min<\/td>\n<\/tr>\n<tr>\n<td style=\"padding:8px 10px;\">Nombre de vitesses<\/td>\n<td style=\"padding:8px 10px; text-align:center;\">5<\/td>\n<\/tr>\n<tr>\n<td style=\"padding:8px 10px;\">Taille du tableau<\/td>\n<td style=\"padding:8px 10px; text-align:center;\">283\u00d7248mm<\/td>\n<\/tr>\n<tr>\n<td style=\"padding:8px 10px;\">Taille de la base<\/td>\n<td style=\"padding:8px 10px; text-align:center;\">520\u00d7345mm<\/td>\n<\/tr>\n<tr>\n<td style=\"padding:8px 10px;\">Hauteur totale<\/td>\n<td style=\"padding:8px 10px; text-align:center;\">1010mm<\/td>\n<\/tr>\n<tr>\n<td style=\"padding:8px 10px;\">Moteur<\/td>\n<td style=\"padding:8px 10px; text-align:center;\">750W\/400V\/50Hz<\/td>\n<\/tr>\n<tr>\n<td style=\"padding:8px 10px;\">Poids<\/td>\n<td style=\"padding:8px 10px; text-align:center;\">106Kg<\/td>\n<\/tr>\n<tr>\n<td style=\"padding:8px 10px;\">Taille de l'encaissement<\/td>\n<td style=\"padding:8px 10px; text-align:center;\">1055\u00d7610\u00d7380mm<\/td>\n<\/tr>\n<tr>\n<td style=\"padding:8px 10px;\">Quantit\u00e9 pour 20ft<\/td>\n<td style=\"padding:8px 10px; text-align:center;\">114PCS<\/td>\n<\/tr>\n<\/tbody>\n<\/table>","protected":false},"excerpt":{"rendered":"<p>Detailed Parameters Model Z1720B Feature Drilling Drill Capacity 20mm Chuck Capacity B16 1~16mm Column Diameter 70mm Spindle Travel 100mm Swing 410mm Max. Distance spindle to table 320mm Max. Distance spindle to base 530mm Spindle Taper MT2 Speed Range 200~2400rpm No. &hellip; <a href=\"https:\/\/www.pagsos.com\/fr\/produit\/z1720b\/\">En savoir plus<\/a><\/p>","protected":false},"featured_media":5998,"comment_status":"closed","ping_status":"open","template":"","meta":[],"product_brand":[],"product_cat":[245],"product_tag":[],"class_list":{"0":"post-5997","1":"product","2":"type-product","3":"status-publish","4":"has-post-thumbnail","6":"product_cat-z-drilling-series","8":"first","9":"instock","10":"product-type-simple"},"jetpack_sharing_enabled":true,"_links":{"self":[{"href":"https:\/\/www.pagsos.com\/fr\/wp-json\/wp\/v2\/product\/5997","targetHints":{"allow":["GET"]}}],"collection":[{"href":"https:\/\/www.pagsos.com\/fr\/wp-json\/wp\/v2\/product"}],"about":[{"href":"https:\/\/www.pagsos.com\/fr\/wp-json\/wp\/v2\/types\/product"}],"replies":[{"embeddable":true,"href":"https:\/\/www.pagsos.com\/fr\/wp-json\/wp\/v2\/comments?post=5997"}],"wp:featuredmedia":[{"embeddable":true,"href":"https:\/\/www.pagsos.com\/fr\/wp-json\/wp\/v2\/media\/5998"}],"wp:attachment":[{"href":"https:\/\/www.pagsos.com\/fr\/wp-json\/wp\/v2\/media?parent=5997"}],"wp:term":[{"taxonomy":"product_brand","embeddable":true,"href":"https:\/\/www.pagsos.com\/fr\/wp-json\/wp\/v2\/product_brand?post=5997"},{"taxonomy":"product_cat","embeddable":true,"href":"https:\/\/www.pagsos.com\/fr\/wp-json\/wp\/v2\/product_cat?post=5997"},{"taxonomy":"product_tag","embeddable":true,"href":"https:\/\/www.pagsos.com\/fr\/wp-json\/wp\/v2\/product_tag?post=5997"}],"curies":[{"name":"wp","href":"https:\/\/api.w.org\/{rel}","templated":true}]}}