{"id":5989,"date":"2024-04-20T13:49:17","date_gmt":"2024-04-20T13:49:17","guid":{"rendered":"https:\/\/www.chevaliermachine.com\/product\/z1516a\/"},"modified":"2024-04-20T13:49:41","modified_gmt":"2024-04-20T13:49:41","slug":"z1516a","status":"publish","type":"product","link":"https:\/\/www.pagsos.com\/fr\/produit\/z1516a\/","title":{"rendered":"Z1516A"},"content":{"rendered":"<div>\n<p style=\"text-align: center;\"><img decoding=\"async\" src=\"https:\/\/cdn.myxypt.com\/9d3f902a\/23\/04\/37a9525e1d8922b9b3c4a79dceb87d5b7b6bdaac.jpg\"\/><\/p>\n<p><\/p>\n<p style=\"font-size:18px; font-weight:bold; margin-bottom:10px;\">Param\u00e8tres d\u00e9taill\u00e9s<\/p>\n<table width=\"100%\" border=\"1\" bordercolor=\"#e5e5e5\" cellspacing=\"0\" cellpadding=\"0\" style=\"border-collapse: collapse;\">\n<tbody>\n<tr class=\"firstRow\">\n<td width=\"65%\" style=\"background-color:#383838; color:#fff; padding:8px 10px;\"><span style=\"color:#fff\">Mod\u00e8le<\/span><\/td>\n<td width=\"35%\" style=\"background-color:#383838; color:#fff; padding:8px 10px; text-align:center;\"><span style=\"color:#fff\">Z1516A<\/span><\/td>\n<\/tr>\n<tr>\n<td style=\"padding:8px 10px;\">Fonctionnalit\u00e9<\/td>\n<td style=\"padding:8px 10px; text-align:center;\">Forage<\/td>\n<\/tr>\n<tr>\n<td style=\"padding:8px 10px;\">Capacit\u00e9 de forage<\/td>\n<td style=\"padding:8px 10px; text-align:center;\">16 mm<\/td>\n<\/tr>\n<tr>\n<td style=\"padding:8px 10px;\">Capacit\u00e9 du mandrin<\/td>\n<td style=\"padding:8px 10px; text-align:center;\">B16 1~16mm<\/td>\n<\/tr>\n<tr>\n<td style=\"padding:8px 10px;\">Diam\u00e8tre de la colonne<\/td>\n<td style=\"padding:8px 10px; text-align:center;\">70 mm<\/td>\n<\/tr>\n<tr>\n<td style=\"padding:8px 10px;\">Course de la broche<\/td>\n<td style=\"padding:8px 10px; text-align:center;\">85 mm<\/td>\n<\/tr>\n<tr>\n<td style=\"padding:8px 10px;\">Balan\u00e7oire<\/td>\n<td style=\"padding:8px 10px; text-align:center;\">360mm<\/td>\n<\/tr>\n<tr>\n<td style=\"padding:8px 10px;\">Max. Distance entre la broche et la table<\/td>\n<td style=\"padding:8px 10px; text-align:center;\">335mm<\/td>\n<\/tr>\n<tr>\n<td style=\"padding:8px 10px;\">Max. Distance entre la broche et la base<\/td>\n<td style=\"padding:8px 10px; text-align:center;\">540 mm<\/td>\n<\/tr>\n<tr>\n<td style=\"padding:8px 10px;\">C\u00f4ne de la broche<\/td>\n<td style=\"padding:8px 10px; text-align:center;\">B16<\/td>\n<\/tr>\n<tr>\n<td style=\"padding:8px 10px;\">Gamme de vitesse<\/td>\n<td style=\"padding:8px 10px; text-align:center;\"><span style=\"text-align: center;\">200~<\/span>2400 tr\/min<\/td>\n<\/tr>\n<tr>\n<td style=\"padding:8px 10px;\">Nombre de vitesses<\/td>\n<td style=\"padding:8px 10px; text-align:center;\">5<\/td>\n<\/tr>\n<tr>\n<td style=\"padding:8px 10px;\">Taille du tableau<\/td>\n<td style=\"padding:8px 10px; text-align:center;\">267\u00d7230mm<\/td>\n<\/tr>\n<tr>\n<td style=\"padding:8px 10px;\">Taille de la base<\/td>\n<td style=\"padding:8px 10px; text-align:center;\">490\u00d7310mm<\/td>\n<\/tr>\n<tr>\n<td style=\"padding:8px 10px;\">Hauteur totale<\/td>\n<td style=\"padding:8px 10px; text-align:center;\">980mm<\/td>\n<\/tr>\n<tr>\n<td style=\"padding:8px 10px;\">Moteur<\/td>\n<td style=\"padding:8px 10px; text-align:center;\">550W\/400V\/50Hz<\/td>\n<\/tr>\n<tr>\n<td style=\"padding:8px 10px;\">Poids<\/td>\n<td style=\"padding:8px 10px; text-align:center;\">78Kg<\/td>\n<\/tr>\n<tr>\n<td style=\"padding:8px 10px;\">Taille de l'emballage<\/td>\n<td style=\"padding:8px 10px; text-align:center;\">1055\u00d7610\u00d7380mm<\/td>\n<\/tr>\n<tr>\n<td style=\"padding:8px 10px;\">Quantit\u00e9 pour 20ft<\/td>\n<td style=\"padding:8px 10px; text-align:center;\">114PCS<\/td>\n<\/tr>\n<\/tbody>\n<\/table>","protected":false},"excerpt":{"rendered":"<p>Detailed Parameters Model Z1516A Feature Drilling Drill Capacity 16mm Chuck Capacity B16 1~16mm Column Diameter 70mm Spindle Travel 85mm Swing 360mm Max. Distance spindle to table 335mm Max. Distance spindle to base 540mm Spindle Taper B16 Speed Range 200~2400rpm No. &hellip; <a href=\"https:\/\/www.pagsos.com\/fr\/produit\/z1516a\/\">En savoir plus<\/a><\/p>","protected":false},"featured_media":5990,"comment_status":"closed","ping_status":"open","template":"","meta":[],"product_brand":[],"product_cat":[245],"product_tag":[],"class_list":{"0":"post-5989","1":"product","2":"type-product","3":"status-publish","4":"has-post-thumbnail","6":"product_cat-z-drilling-series","8":"first","9":"instock","10":"product-type-simple"},"jetpack_sharing_enabled":true,"_links":{"self":[{"href":"https:\/\/www.pagsos.com\/fr\/wp-json\/wp\/v2\/product\/5989","targetHints":{"allow":["GET"]}}],"collection":[{"href":"https:\/\/www.pagsos.com\/fr\/wp-json\/wp\/v2\/product"}],"about":[{"href":"https:\/\/www.pagsos.com\/fr\/wp-json\/wp\/v2\/types\/product"}],"replies":[{"embeddable":true,"href":"https:\/\/www.pagsos.com\/fr\/wp-json\/wp\/v2\/comments?post=5989"}],"wp:featuredmedia":[{"embeddable":true,"href":"https:\/\/www.pagsos.com\/fr\/wp-json\/wp\/v2\/media\/5990"}],"wp:attachment":[{"href":"https:\/\/www.pagsos.com\/fr\/wp-json\/wp\/v2\/media?parent=5989"}],"wp:term":[{"taxonomy":"product_brand","embeddable":true,"href":"https:\/\/www.pagsos.com\/fr\/wp-json\/wp\/v2\/product_brand?post=5989"},{"taxonomy":"product_cat","embeddable":true,"href":"https:\/\/www.pagsos.com\/fr\/wp-json\/wp\/v2\/product_cat?post=5989"},{"taxonomy":"product_tag","embeddable":true,"href":"https:\/\/www.pagsos.com\/fr\/wp-json\/wp\/v2\/product_tag?post=5989"}],"curies":[{"name":"wp","href":"https:\/\/api.w.org\/{rel}","templated":true}]}}