{"id":5975,"date":"2024-04-20T13:49:17","date_gmt":"2024-04-20T13:49:17","guid":{"rendered":"https:\/\/www.chevaliermachine.com\/product\/dp33016f-vs\/"},"modified":"2024-04-20T13:49:31","modified_gmt":"2024-04-20T13:49:31","slug":"dp33016f-vs","status":"publish","type":"product","link":"https:\/\/www.pagsos.com\/fr\/produit\/dp33016f-vs\/","title":{"rendered":"DP33016F-VS"},"content":{"rendered":"<div>\n<p><img decoding=\"async\" src=\"https:\/\/cdn.myxypt.com\/9d3f902a\/23\/04\/b253abe51719be4245c97aba0dbbf84f073c653c.jpg\"\/><\/p>\n<p><\/p>\n<p style=\"font-size:18px; font-weight:bold; margin-bottom:10px;\">Param\u00e8tres d\u00e9taill\u00e9s<\/p>\n<table width=\"100%\" border=\"1\" bordercolor=\"#e5e5e5\" cellspacing=\"0\" cellpadding=\"0\" style=\"border-collapse: collapse;\">\n<tbody>\n<tr class=\"firstRow\">\n<td width=\"65%\" style=\"background-color:#383838; color:#fff; padding:8px 10px;\">Mod\u00e8le<\/td>\n<td width=\"35%\" style=\"background-color:#383838; color:#fff; padding:8px 10px; text-align:center;\">DP33016F-VS<\/td>\n<\/tr>\n<tr>\n<td style=\"padding:8px 10px;\">Capacit\u00e9 de per\u00e7age (mm)<\/td>\n<td style=\"padding:8px 10px; text-align:center;\">16<\/td>\n<\/tr>\n<tr>\n<td style=\"padding:8px 10px;\">Capacit\u00e9 du mandrin (mm)<\/td>\n<td style=\"padding:8px 10px; text-align:center;\">16<\/td>\n<\/tr>\n<tr>\n<td style=\"padding:8px 10px;\">Balancement (mm)<\/td>\n<td style=\"padding:8px 10px; text-align:center;\"><span style=\"text-align: center;\">330<\/span><\/td>\n<\/tr>\n<tr>\n<td style=\"padding:8px 10px;\">Distance entre la broche et la colonne<\/td>\n<td style=\"padding:8px 10px; text-align:center;\">165<\/td>\n<\/tr>\n<tr>\n<td style=\"padding:8px 10px;\">C\u00f4ne de la broche<\/td>\n<td style=\"padding:8px 10px; text-align:center;\">MT2<\/td>\n<\/tr>\n<tr>\n<td style=\"padding:8px 10px;\">Gamme de vitesse (50Hz)<\/td>\n<td style=\"padding:8px 10px; text-align:center;\"><span style=\"text-align: center;\"><\/span>2(0-700 \/ 0-3000)<\/td>\n<\/tr>\n<tr>\n<td style=\"padding:8px 10px;\">Course de la broche<\/td>\n<td style=\"padding:8px 10px; text-align:center;\">80<\/td>\n<\/tr>\n<tr>\n<td style=\"padding:8px 10px;\">Diam\u00e8tre de la colonne (mm)<\/td>\n<td style=\"padding:8px 10px; text-align:center;\">73<\/td>\n<\/tr>\n<tr>\n<td style=\"padding:8px 10px;\">Max. Distance entre la broche et la table<\/td>\n<td style=\"padding:8px 10px; text-align:center;\">700<\/td>\n<\/tr>\n<tr>\n<td style=\"padding:8px 10px;\">Max. Distance entre la broche et la base<\/td>\n<td style=\"padding:8px 10px; text-align:center;\">1190<\/td>\n<\/tr>\n<tr>\n<td style=\"padding:8px 10px;\">Taille de la base (mm)<\/td>\n<td style=\"padding:8px 10px; text-align:center;\">520\u00d7310<\/td>\n<\/tr>\n<tr>\n<td style=\"padding:8px 10px;\">Taille du tableau (mm)<\/td>\n<td style=\"padding:8px 10px; text-align:center;\">270\u00d7270<\/td>\n<\/tr>\n<tr>\n<td style=\"padding:8px 10px;\">Inclinaison de la table<\/td>\n<td style=\"padding:8px 10px; text-align:center;\">oui -45\/45\u00b0<\/td>\n<\/tr>\n<tr>\n<td style=\"padding:8px 10px;\">Protection de mandrin CE<\/td>\n<td style=\"padding:8px 10px; text-align:center;\">oui<\/td>\n<\/tr>\n<tr>\n<td style=\"padding:8px 10px;\">Lumi\u00e8re LED<\/td>\n<td style=\"padding:8px 10px; text-align:center;\">oui<\/td>\n<\/tr>\n<tr>\n<td style=\"padding:8px 10px;\">Lumi\u00e8re laser<\/td>\n<td style=\"padding:8px 10px; text-align:center;\">oui<\/td>\n<\/tr>\n<tr>\n<td style=\"padding:8px 10px;\">Convertisseur (contr\u00f4le vectoriel)<\/td>\n<td style=\"padding:8px 10px; text-align:center;\">oui<\/td>\n<\/tr>\n<tr>\n<td style=\"padding:8px 10px;\">Moteur(w)\/S1<\/td>\n<td style=\"padding:8px 10px; text-align:center;\">600<\/td>\n<\/tr>\n<tr>\n<td style=\"padding:8px 10px;\">Hauteur (mm)<\/td>\n<td style=\"padding:8px 10px; text-align:center;\">1600<\/td>\n<\/tr>\n<tr>\n<td style=\"padding:8px 10px;\">NW\/GW(kg)<\/td>\n<td style=\"padding:8px 10px; text-align:center;\">63\/66<\/td>\n<\/tr>\n<tr>\n<td style=\"padding:8px 10px;\">Taille de l'emballage (mm)<\/td>\n<td style=\"padding:8px 10px; text-align:center;\"><span style=\"text-align: center;\">1430\u00d751<\/span>0<span style=\"text-align: center;\">\u00d7<\/span>310<\/td>\n<\/tr>\n<tr>\n<td style=\"padding:8px 10px;\">Quantit\u00e9 pour 20GP<\/td>\n<td style=\"padding:8px 10px; text-align:center;\">112<\/td>\n<\/tr>\n<\/tbody>\n<\/table>","protected":false},"excerpt":{"rendered":"<p>Param\u00e8tres d\u00e9taill\u00e9s Mod\u00e8le DP33016F-VS Capacit\u00e9 de per\u00e7age(mm) 16 Capacit\u00e9 de mandrin(mm) 16 Diam\u00e8tre(mm) 330 Distance entre la broche et la colonne 165 C\u00f4ne de broche MT2 Plage de vitesse(50Hz) 2(0-700 \/ 0-3000) Course de la broche 80 Diam\u00e8tre de la colonne(mm) 73 Distance maximale entre la broche et la table 700 Distance maximale entre la broche et la table 700 Distance maximale entre la broche et la colonne 700 Distance entre la broche et la table 700 Distance ... <a href=\"https:\/\/www.pagsos.com\/fr\/produit\/dp33016f-vs\/\">En savoir plus<\/a><\/p>","protected":false},"featured_media":5976,"comment_status":"closed","ping_status":"open","template":"","meta":[],"product_brand":[],"product_cat":[244],"product_tag":[],"class_list":{"0":"post-5975","1":"product","2":"type-product","3":"status-publish","4":"has-post-thumbnail","6":"product_cat-dp-vs-drill-press-series","8":"first","9":"instock","10":"product-type-simple"},"jetpack_sharing_enabled":true,"_links":{"self":[{"href":"https:\/\/www.pagsos.com\/fr\/wp-json\/wp\/v2\/product\/5975","targetHints":{"allow":["GET"]}}],"collection":[{"href":"https:\/\/www.pagsos.com\/fr\/wp-json\/wp\/v2\/product"}],"about":[{"href":"https:\/\/www.pagsos.com\/fr\/wp-json\/wp\/v2\/types\/product"}],"replies":[{"embeddable":true,"href":"https:\/\/www.pagsos.com\/fr\/wp-json\/wp\/v2\/comments?post=5975"}],"wp:featuredmedia":[{"embeddable":true,"href":"https:\/\/www.pagsos.com\/fr\/wp-json\/wp\/v2\/media\/5976"}],"wp:attachment":[{"href":"https:\/\/www.pagsos.com\/fr\/wp-json\/wp\/v2\/media?parent=5975"}],"wp:term":[{"taxonomy":"product_brand","embeddable":true,"href":"https:\/\/www.pagsos.com\/fr\/wp-json\/wp\/v2\/product_brand?post=5975"},{"taxonomy":"product_cat","embeddable":true,"href":"https:\/\/www.pagsos.com\/fr\/wp-json\/wp\/v2\/product_cat?post=5975"},{"taxonomy":"product_tag","embeddable":true,"href":"https:\/\/www.pagsos.com\/fr\/wp-json\/wp\/v2\/product_tag?post=5975"}],"curies":[{"name":"wp","href":"https:\/\/api.w.org\/{rel}","templated":true}]}}