{"id":1493,"date":"2016-10-14T02:02:22","date_gmt":"2016-10-14T02:02:22","guid":{"rendered":"https:\/\/demo.wpthemego.com\/themes\/sw_revo\/?page_id=1493"},"modified":"2024-03-31T00:30:15","modified_gmt":"2024-03-31T00:30:15","slug":"about-us","status":"publish","type":"page","link":"https:\/\/www.pagsos.com\/fr\/about-us\/","title":{"rendered":"\u00c0 propos de nous"},"content":{"rendered":"<div data-elementor-type=\"wp-page\" data-elementor-id=\"1493\" class=\"elementor elementor-1493\" data-elementor-post-type=\"page\">\n\t\t\t\t\t\t<section class=\"elementor-section elementor-top-section elementor-element elementor-element-365929d2 elementor-section-boxed elementor-section-height-default elementor-section-height-default\" data-id=\"365929d2\" data-element_type=\"section\">\n\t\t\t\t\t\t<div class=\"elementor-container elementor-column-gap-default\">\n\t\t\t\t\t<div class=\"elementor-column elementor-col-100 elementor-top-column elementor-element elementor-element-67a8339e\" data-id=\"67a8339e\" data-element_type=\"column\">\n\t\t\t<div class=\"elementor-widget-wrap elementor-element-populated\">\n\t\t\t\t\t\t<div class=\"elementor-element elementor-element-7a76de99 elementor-widget elementor-widget-image\" data-id=\"7a76de99\" data-element_type=\"widget\" data-widget_type=\"image.default\">\n\t\t\t\t<div class=\"elementor-widget-container\">\n\t\t\t\t\t\t\t\t\t\t\t\t\t\t\t<img fetchpriority=\"high\" decoding=\"async\" width=\"1920\" height=\"960\" src=\"https:\/\/www.pagsos.com\/wp-content\/uploads\/2024\/03\/geometric-1732847_1920.jpg\" class=\"attachment-full size-full wp-image-5748\" alt=\"\" srcset=\"https:\/\/www.pagsos.com\/wp-content\/uploads\/2024\/03\/geometric-1732847_1920.jpg 1920w, https:\/\/www.pagsos.com\/wp-content\/uploads\/2024\/03\/geometric-1732847_1920-300x150.jpg 300w, https:\/\/www.pagsos.com\/wp-content\/uploads\/2024\/03\/geometric-1732847_1920-1024x512.jpg 1024w, https:\/\/www.pagsos.com\/wp-content\/uploads\/2024\/03\/geometric-1732847_1920-768x384.jpg 768w, https:\/\/www.pagsos.com\/wp-content\/uploads\/2024\/03\/geometric-1732847_1920-1536x768.jpg 1536w, https:\/\/www.pagsos.com\/wp-content\/uploads\/2024\/03\/geometric-1732847_1920-600x300.jpg 600w\" sizes=\"(max-width: 1920px) 100vw, 1920px\" \/>\t\t\t\t\t\t\t\t\t\t\t\t\t\t\t<\/div>\n\t\t\t\t<\/div>\n\t\t\t\t\t<\/div>\n\t\t<\/div>\n\t\t\t\t\t<\/div>\n\t\t<\/section>\n\t\t\t\t<section class=\"elementor-section elementor-top-section elementor-element elementor-element-7b45f7ea elementor-section-boxed elementor-section-height-default elementor-section-height-default\" data-id=\"7b45f7ea\" data-element_type=\"section\">\n\t\t\t\t\t\t<div class=\"elementor-container elementor-column-gap-default\">\n\t\t\t\t\t<div class=\"elementor-column elementor-col-100 elementor-top-column elementor-element elementor-element-15f262a0\" data-id=\"15f262a0\" data-element_type=\"column\">\n\t\t\t<div class=\"elementor-widget-wrap elementor-element-populated\">\n\t\t\t\t\t\t<div class=\"elementor-element elementor-element-2ce774c6 elementor-widget elementor-widget-heading\" data-id=\"2ce774c6\" data-element_type=\"widget\" data-widget_type=\"heading.default\">\n\t\t\t\t<div class=\"elementor-widget-container\">\n\t\t\t\t\t<h2 class=\"elementor-heading-title elementor-size-default\">\u00e0 propos de nous<\/h2>\t\t\t\t<\/div>\n\t\t\t\t<\/div>\n\t\t\t\t<div class=\"elementor-element elementor-element-7b1f230f elementor-widget elementor-widget-text-editor\" data-id=\"7b1f230f\" data-element_type=\"widget\" data-widget_type=\"text-editor.default\">\n\t\t\t\t<div class=\"elementor-widget-container\">\n\t\t\t\t\t\t\t\t\t<p>L'entreprise est sp\u00e9cialis\u00e9e dans la vente de machines-outils et d'\u00e9quipements de renomm\u00e9e internationale et de toutes sortes d'accessoires. Les sp\u00e9cifications sont compl\u00e8tes, la qualit\u00e9 des produits est excellente, le prix est raisonnable et le service est attentionn\u00e9, ce qui a \u00e9t\u00e9 unanimement reconnu et salu\u00e9 par la majorit\u00e9 des clients. La soci\u00e9t\u00e9 suit le principe et l'esprit de \"l'honn\u00eatet\u00e9, la r\u00e9putation d'abord\", et conduit tous les employ\u00e9s \u00e0 faire du bon travail dans la distribution de machines-outils et d'\u00e9quipements, et s'efforce de satisfaire les clients. Notre soci\u00e9t\u00e9 est tr\u00e8s forte et jouit d'une excellente r\u00e9putation.<\/p>\t\t\t\t\t\t\t\t<\/div>\n\t\t\t\t<\/div>\n\t\t\t\t\t<\/div>\n\t\t<\/div>\n\t\t\t\t\t<\/div>\n\t\t<\/section>\n\t\t\t\t<\/div>","protected":false},"excerpt":{"rendered":"<p>\u00e0 propos de nous L'entreprise est sp\u00e9cialis\u00e9e dans la vente de machines-outils et d'\u00e9quipements de renomm\u00e9e internationale et de toutes sortes d'accessoires. Les sp\u00e9cifications sont compl\u00e8tes, la qualit\u00e9 des produits est excellente, le prix est raisonnable et le service est attentionn\u00e9, ... <a href=\"https:\/\/www.pagsos.com\/fr\/about-us\/\">En savoir plus<\/a><\/p>","protected":false},"author":1,"featured_media":0,"parent":0,"menu_order":0,"comment_status":"closed","ping_status":"closed","template":"","meta":{"footnotes":""},"class_list":["post-1493","page","type-page","status-publish","hentry"],"jetpack_sharing_enabled":true,"_links":{"self":[{"href":"https:\/\/www.pagsos.com\/fr\/wp-json\/wp\/v2\/pages\/1493","targetHints":{"allow":["GET"]}}],"collection":[{"href":"https:\/\/www.pagsos.com\/fr\/wp-json\/wp\/v2\/pages"}],"about":[{"href":"https:\/\/www.pagsos.com\/fr\/wp-json\/wp\/v2\/types\/page"}],"author":[{"embeddable":true,"href":"https:\/\/www.pagsos.com\/fr\/wp-json\/wp\/v2\/users\/1"}],"replies":[{"embeddable":true,"href":"https:\/\/www.pagsos.com\/fr\/wp-json\/wp\/v2\/comments?post=1493"}],"version-history":[{"count":4,"href":"https:\/\/www.pagsos.com\/fr\/wp-json\/wp\/v2\/pages\/1493\/revisions"}],"predecessor-version":[{"id":5756,"href":"https:\/\/www.pagsos.com\/fr\/wp-json\/wp\/v2\/pages\/1493\/revisions\/5756"}],"wp:attachment":[{"href":"https:\/\/www.pagsos.com\/fr\/wp-json\/wp\/v2\/media?parent=1493"}],"curies":[{"name":"wp","href":"https:\/\/api.w.org\/{rel}","templated":true}]}}